{"id":8773,"date":"2026-04-28T19:27:46","date_gmt":"2026-04-28T19:27:46","guid":{"rendered":"https:\/\/comexbrindes.com.br\/site\/?post_type=product&#038;p=8773"},"modified":"2026-04-28T19:27:46","modified_gmt":"2026-04-28T19:27:46","slug":"mochila-de-ombro-as-902-cm","status":"publish","type":"product","link":"https:\/\/comexbrindes.com.br\/site\/produto\/mochila-de-ombro-as-902-cm\/","title":{"rendered":"MOCHILA DE OMBRO &#8211; AS.902-CM"},"content":{"rendered":"<ul>\n<li>Mochila de ombro, executiva, <strong>para notebook 17&#8243;<\/strong><\/li>\n<li>Tecido oxford alta densidade<\/li>\n<li>Al\u00e7a cabo de a\u00e7o, revestida com borracha<\/li>\n<li>Tirantes de ombro refor\u00e7ados e acolchoados<\/li>\n<li>Sa\u00edda para fones de ouvido e USB<\/li>\n<li>Engate para mala<\/li>\n<li>Z\u00edper metal<\/li>\n<li><strong>Tamanho:<\/strong> 46 x 29 x 22 cm<\/li>\n<li><strong>Grava\u00e7\u00e3o<\/strong> laser na plaquinha inox<\/li>\n<\/ul>\n","protected":false},"excerpt":{"rendered":"<p>Mochila de ombro, executiva, para notebook 17&#8243; Tecido oxford alta densidade Al\u00e7a cabo de a\u00e7o, revestida com borracha Tirantes de ombro refor\u00e7ados e acolchoados Sa\u00edda para fones de ouvido e USB Engate para mala Z\u00edper metal Tamanho: 46 x 29 x 22 cm Grava\u00e7\u00e3o laser na plaquinha inox<\/p>\n","protected":false},"featured_media":8774,"template":"","meta":[],"product_cat":[68],"product_tag":[],"class_list":{"0":"post-8773","1":"product","2":"type-product","3":"status-publish","4":"has-post-thumbnail","6":"product_cat-malas-mochilas","8":"first","9":"instock","10":"shipping-taxable","11":"product-type-simple"},"_links":{"self":[{"href":"https:\/\/comexbrindes.com.br\/site\/wp-json\/wp\/v2\/product\/8773","targetHints":{"allow":["GET"]}}],"collection":[{"href":"https:\/\/comexbrindes.com.br\/site\/wp-json\/wp\/v2\/product"}],"about":[{"href":"https:\/\/comexbrindes.com.br\/site\/wp-json\/wp\/v2\/types\/product"}],"version-history":[{"count":1,"href":"https:\/\/comexbrindes.com.br\/site\/wp-json\/wp\/v2\/product\/8773\/revisions"}],"predecessor-version":[{"id":8775,"href":"https:\/\/comexbrindes.com.br\/site\/wp-json\/wp\/v2\/product\/8773\/revisions\/8775"}],"wp:featuredmedia":[{"embeddable":true,"href":"https:\/\/comexbrindes.com.br\/site\/wp-json\/wp\/v2\/media\/8774"}],"wp:attachment":[{"href":"https:\/\/comexbrindes.com.br\/site\/wp-json\/wp\/v2\/media?parent=8773"}],"wp:term":[{"taxonomy":"product_cat","embeddable":true,"href":"https:\/\/comexbrindes.com.br\/site\/wp-json\/wp\/v2\/product_cat?post=8773"},{"taxonomy":"product_tag","embeddable":true,"href":"https:\/\/comexbrindes.com.br\/site\/wp-json\/wp\/v2\/product_tag?post=8773"}],"curies":[{"name":"wp","href":"https:\/\/api.w.org\/{rel}","templated":true}]}}