{"id":8769,"date":"2026-04-28T19:14:16","date_gmt":"2026-04-28T19:14:16","guid":{"rendered":"https:\/\/comexbrindes.com.br\/site\/?post_type=product&#038;p=8769"},"modified":"2026-04-28T19:14:17","modified_gmt":"2026-04-28T19:14:17","slug":"mochila-de-ombro-as-056-cm","status":"publish","type":"product","link":"https:\/\/comexbrindes.com.br\/site\/produto\/mochila-de-ombro-as-056-cm\/","title":{"rendered":"MOCHILA DE OMBRO &#8211; AS.056-CM"},"content":{"rendered":"<ul>\n<li>Mochila de ombro para notebook 15,6&#8243;<\/li>\n<li>Em poli\u00e9ster alta resist\u00eancia<\/li>\n<li>1 bolso frontal com z\u00edper<\/li>\n<li>2 bolsos laterais<\/li>\n<li>Conector USB lateral<\/li>\n<li>Al\u00e7a de m\u00e3o e de ombro acolchoadas<\/li>\n<li>Engate para mala de viagem<\/li>\n<li>Capacidade 21L<\/li>\n<li><strong>Tamanho:<\/strong> 42 x 32,5 x 15,5 cm<\/li>\n<li><strong>Grava\u00e7\u00e3o<\/strong> bordado<\/li>\n<\/ul>\n","protected":false},"excerpt":{"rendered":"<p>Mochila de ombro para notebook 15,6&#8243; Em poli\u00e9ster alta resist\u00eancia 1 bolso frontal com z\u00edper 2 bolsos laterais Conector USB lateral Al\u00e7a de m\u00e3o e de ombro acolchoadas Engate para mala de viagem Capacidade 21L Tamanho: 42 x 32,5 x 15,5 cm Grava\u00e7\u00e3o bordado<\/p>\n","protected":false},"featured_media":8771,"template":"","meta":[],"product_cat":[68],"product_tag":[],"class_list":{"0":"post-8769","1":"product","2":"type-product","3":"status-publish","4":"has-post-thumbnail","6":"product_cat-malas-mochilas","8":"first","9":"instock","10":"shipping-taxable","11":"product-type-simple"},"_links":{"self":[{"href":"https:\/\/comexbrindes.com.br\/site\/wp-json\/wp\/v2\/product\/8769","targetHints":{"allow":["GET"]}}],"collection":[{"href":"https:\/\/comexbrindes.com.br\/site\/wp-json\/wp\/v2\/product"}],"about":[{"href":"https:\/\/comexbrindes.com.br\/site\/wp-json\/wp\/v2\/types\/product"}],"version-history":[{"count":1,"href":"https:\/\/comexbrindes.com.br\/site\/wp-json\/wp\/v2\/product\/8769\/revisions"}],"predecessor-version":[{"id":8772,"href":"https:\/\/comexbrindes.com.br\/site\/wp-json\/wp\/v2\/product\/8769\/revisions\/8772"}],"wp:featuredmedia":[{"embeddable":true,"href":"https:\/\/comexbrindes.com.br\/site\/wp-json\/wp\/v2\/media\/8771"}],"wp:attachment":[{"href":"https:\/\/comexbrindes.com.br\/site\/wp-json\/wp\/v2\/media?parent=8769"}],"wp:term":[{"taxonomy":"product_cat","embeddable":true,"href":"https:\/\/comexbrindes.com.br\/site\/wp-json\/wp\/v2\/product_cat?post=8769"},{"taxonomy":"product_tag","embeddable":true,"href":"https:\/\/comexbrindes.com.br\/site\/wp-json\/wp\/v2\/product_tag?post=8769"}],"curies":[{"name":"wp","href":"https:\/\/api.w.org\/{rel}","templated":true}]}}