{"id":8764,"date":"2026-04-28T18:52:12","date_gmt":"2026-04-28T18:52:12","guid":{"rendered":"https:\/\/comexbrindes.com.br\/site\/?post_type=product&#038;p=8764"},"modified":"2026-04-28T19:06:15","modified_gmt":"2026-04-28T19:06:15","slug":"mochila-de-ombro-bx-01325","status":"publish","type":"product","link":"https:\/\/comexbrindes.com.br\/site\/produto\/mochila-de-ombro-bx-01325\/","title":{"rendered":"MOCHILA DE OMBRO &#8211; BX.01325"},"content":{"rendered":"<ul>\n<li>Mochila de ombro para <strong>notebook 15,6&#8243;<\/strong><\/li>\n<li>Em nylon resistente \u00e0 \u00e1gua<\/li>\n<li>Bolso frontal com z\u00edper<\/li>\n<li>Bolso lateral<\/li>\n<li>Conector USB externo<\/li>\n<li>Al\u00e7a ombro e de m\u00e3o<\/li>\n<li>Capacidade at\u00e9 18L<\/li>\n<li><strong>Tamanho:<\/strong> 40 x 30 x 8,0 cm<\/li>\n<li><strong>Cores:<\/strong> azul, vermelha, preta e cinza<\/li>\n<li><strong>Grava\u00e7\u00e3o<\/strong> bordado<\/li>\n<\/ul>\n","protected":false},"excerpt":{"rendered":"<p>Mochila de ombro para notebook 15,6&#8243; Em nylon resistente \u00e0 \u00e1gua Bolso frontal com z\u00edper Bolso lateral Conector USB externo Al\u00e7a ombro e de m\u00e3o Capacidade at\u00e9 18L Tamanho: 40 x 30 x 8,0 cm Cores: azul, vermelha, preta e cinza Grava\u00e7\u00e3o bordado<\/p>\n","protected":false},"featured_media":8766,"template":"","meta":[],"product_cat":[56],"product_tag":[],"class_list":{"0":"post-8764","1":"product","2":"type-product","3":"status-publish","4":"has-post-thumbnail","6":"product_cat-blocos","8":"first","9":"instock","10":"shipping-taxable","11":"product-type-simple"},"_links":{"self":[{"href":"https:\/\/comexbrindes.com.br\/site\/wp-json\/wp\/v2\/product\/8764","targetHints":{"allow":["GET"]}}],"collection":[{"href":"https:\/\/comexbrindes.com.br\/site\/wp-json\/wp\/v2\/product"}],"about":[{"href":"https:\/\/comexbrindes.com.br\/site\/wp-json\/wp\/v2\/types\/product"}],"version-history":[{"count":2,"href":"https:\/\/comexbrindes.com.br\/site\/wp-json\/wp\/v2\/product\/8764\/revisions"}],"predecessor-version":[{"id":8768,"href":"https:\/\/comexbrindes.com.br\/site\/wp-json\/wp\/v2\/product\/8764\/revisions\/8768"}],"wp:featuredmedia":[{"embeddable":true,"href":"https:\/\/comexbrindes.com.br\/site\/wp-json\/wp\/v2\/media\/8766"}],"wp:attachment":[{"href":"https:\/\/comexbrindes.com.br\/site\/wp-json\/wp\/v2\/media?parent=8764"}],"wp:term":[{"taxonomy":"product_cat","embeddable":true,"href":"https:\/\/comexbrindes.com.br\/site\/wp-json\/wp\/v2\/product_cat?post=8764"},{"taxonomy":"product_tag","embeddable":true,"href":"https:\/\/comexbrindes.com.br\/site\/wp-json\/wp\/v2\/product_tag?post=8764"}],"curies":[{"name":"wp","href":"https:\/\/api.w.org\/{rel}","templated":true}]}}