{"id":8760,"date":"2026-04-28T15:05:27","date_gmt":"2026-04-28T15:05:27","guid":{"rendered":"https:\/\/comexbrindes.com.br\/site\/?post_type=product&#038;p=8760"},"modified":"2026-04-28T15:05:27","modified_gmt":"2026-04-28T15:05:27","slug":"mochila-de-ombro-bx-81280","status":"publish","type":"product","link":"https:\/\/comexbrindes.com.br\/site\/produto\/mochila-de-ombro-bx-81280\/","title":{"rendered":"MOCHILA DE OMBRO &#8211; BX.81280"},"content":{"rendered":"<ul>\n<li>Mochila de ombro, para notebook 15,6&#8243;<\/li>\n<li>Em couro sint\u00e9tico imperme\u00e1vel<\/li>\n<li>2 bolsos frontais com z\u00edper<\/li>\n<li>2 bolsos laterais<\/li>\n<li>Al\u00e7a de m\u00e3o e ombro acolchoadas<\/li>\n<li>Parte traseira com revestimento anti-transpirante<\/li>\n<li>Conetor USB na lateral<\/li>\n<li>Capacidade 26L<\/li>\n<li><strong>Tamanho:<\/strong> 40 x 30 x 13 cm<\/li>\n<li><strong>Grava\u00e7\u00e3o<\/strong> bordado ou grava\u00e7\u00e3o laser na plaquinha<\/li>\n<\/ul>\n","protected":false},"excerpt":{"rendered":"<p>Mochila de ombro, para notebook 15,6&#8243; Em couro sint\u00e9tico imperme\u00e1vel 2 bolsos frontais com z\u00edper 2 bolsos laterais Al\u00e7a de m\u00e3o e ombro acolchoadas Parte traseira com revestimento anti-transpirante Conetor USB na lateral Capacidade 26L Tamanho: 40 x 30 x 13 cm Grava\u00e7\u00e3o bordado ou grava\u00e7\u00e3o laser na plaquinha<\/p>\n","protected":false},"featured_media":8761,"template":"","meta":[],"product_cat":[68],"product_tag":[],"class_list":{"0":"post-8760","1":"product","2":"type-product","3":"status-publish","4":"has-post-thumbnail","6":"product_cat-malas-mochilas","8":"first","9":"instock","10":"shipping-taxable","11":"product-type-simple"},"_links":{"self":[{"href":"https:\/\/comexbrindes.com.br\/site\/wp-json\/wp\/v2\/product\/8760","targetHints":{"allow":["GET"]}}],"collection":[{"href":"https:\/\/comexbrindes.com.br\/site\/wp-json\/wp\/v2\/product"}],"about":[{"href":"https:\/\/comexbrindes.com.br\/site\/wp-json\/wp\/v2\/types\/product"}],"version-history":[{"count":1,"href":"https:\/\/comexbrindes.com.br\/site\/wp-json\/wp\/v2\/product\/8760\/revisions"}],"predecessor-version":[{"id":8763,"href":"https:\/\/comexbrindes.com.br\/site\/wp-json\/wp\/v2\/product\/8760\/revisions\/8763"}],"wp:featuredmedia":[{"embeddable":true,"href":"https:\/\/comexbrindes.com.br\/site\/wp-json\/wp\/v2\/media\/8761"}],"wp:attachment":[{"href":"https:\/\/comexbrindes.com.br\/site\/wp-json\/wp\/v2\/media?parent=8760"}],"wp:term":[{"taxonomy":"product_cat","embeddable":true,"href":"https:\/\/comexbrindes.com.br\/site\/wp-json\/wp\/v2\/product_cat?post=8760"},{"taxonomy":"product_tag","embeddable":true,"href":"https:\/\/comexbrindes.com.br\/site\/wp-json\/wp\/v2\/product_tag?post=8760"}],"curies":[{"name":"wp","href":"https:\/\/api.w.org\/{rel}","templated":true}]}}