{"id":8755,"date":"2026-04-28T14:50:11","date_gmt":"2026-04-28T14:50:11","guid":{"rendered":"https:\/\/comexbrindes.com.br\/site\/?post_type=product&#038;p=8755"},"modified":"2026-04-28T14:53:30","modified_gmt":"2026-04-28T14:53:30","slug":"mochila-de-ombro-executiva-bx-43080","status":"publish","type":"product","link":"https:\/\/comexbrindes.com.br\/site\/produto\/mochila-de-ombro-executiva-bx-43080\/","title":{"rendered":"MOCHILA DE OMBRO EXECUTIVA &#8211; BX.43080"},"content":{"rendered":"<ul>\n<li>Mochila de ombro executiva em nylon, para <strong>notebook 15,6&#8243;<\/strong><\/li>\n<li>Bolsos frontais com z\u00edper<\/li>\n<li>2 bolsos laterais telados<\/li>\n<li>Al\u00e7a de m\u00e3o e ombro acolchoadas<\/li>\n<li>Faixa reflexiva na parte frontal<\/li>\n<li>Capacidade 26L<\/li>\n<li><strong>Tamanho:<\/strong> 44 x 33 x 18,5 cm<\/li>\n<li><strong>Grava\u00e7\u00e3o<\/strong> laser em placa inox<\/li>\n<\/ul>\n","protected":false},"excerpt":{"rendered":"<p>Mochila de ombro executiva em nylon, para notebook 15,6&#8243; Bolsos frontais com z\u00edper 2 bolsos laterais telados Al\u00e7a de m\u00e3o e ombro acolchoadas Faixa reflexiva na parte frontal Capacidade 26L Tamanho: 44 x 33 x 18,5 cm Grava\u00e7\u00e3o laser em placa inox<\/p>\n","protected":false},"featured_media":8756,"template":"","meta":[],"product_cat":[68],"product_tag":[],"class_list":{"0":"post-8755","1":"product","2":"type-product","3":"status-publish","4":"has-post-thumbnail","6":"product_cat-malas-mochilas","8":"first","9":"instock","10":"shipping-taxable","11":"product-type-simple"},"_links":{"self":[{"href":"https:\/\/comexbrindes.com.br\/site\/wp-json\/wp\/v2\/product\/8755","targetHints":{"allow":["GET"]}}],"collection":[{"href":"https:\/\/comexbrindes.com.br\/site\/wp-json\/wp\/v2\/product"}],"about":[{"href":"https:\/\/comexbrindes.com.br\/site\/wp-json\/wp\/v2\/types\/product"}],"version-history":[{"count":3,"href":"https:\/\/comexbrindes.com.br\/site\/wp-json\/wp\/v2\/product\/8755\/revisions"}],"predecessor-version":[{"id":8759,"href":"https:\/\/comexbrindes.com.br\/site\/wp-json\/wp\/v2\/product\/8755\/revisions\/8759"}],"wp:featuredmedia":[{"embeddable":true,"href":"https:\/\/comexbrindes.com.br\/site\/wp-json\/wp\/v2\/media\/8756"}],"wp:attachment":[{"href":"https:\/\/comexbrindes.com.br\/site\/wp-json\/wp\/v2\/media?parent=8755"}],"wp:term":[{"taxonomy":"product_cat","embeddable":true,"href":"https:\/\/comexbrindes.com.br\/site\/wp-json\/wp\/v2\/product_cat?post=8755"},{"taxonomy":"product_tag","embeddable":true,"href":"https:\/\/comexbrindes.com.br\/site\/wp-json\/wp\/v2\/product_tag?post=8755"}],"curies":[{"name":"wp","href":"https:\/\/api.w.org\/{rel}","templated":true}]}}