{"id":8746,"date":"2026-04-28T14:44:12","date_gmt":"2026-04-28T14:44:12","guid":{"rendered":"https:\/\/comexbrindes.com.br\/site\/?post_type=product&#038;p=8746"},"modified":"2026-05-12T18:49:49","modified_gmt":"2026-05-12T18:49:49","slug":"mochila-de-ombro-e-mala-executiva-bx-20910","status":"publish","type":"product","link":"https:\/\/comexbrindes.com.br\/site\/produto\/mochila-de-ombro-e-mala-executiva-bx-20910\/","title":{"rendered":"20 MOCHILA DE OMBRO E MALA EXECUTIVA &#8211; BX.20910"},"content":{"rendered":"<ul>\n<li>Mochila de ombro e mala executiva para <strong>notebook 15,6&#8243;<\/strong><\/li>\n<li>Couro sint\u00e9tico, resistente \u00e0 \u00e1gua<\/li>\n<li>Bolsos frontais com z\u00edper<\/li>\n<li>Al\u00e7a para encaixe em malas de viagem e duas al\u00e7as de m\u00e3os,<br \/>\nsendo uma delas lateral para o transporte da mochila no modo pasta<\/li>\n<li>Al\u00e7a de ombro acolchoadas<\/li>\n<li>Conector para USB<\/li>\n<li>Capacidade 25L<\/li>\n<li><strong>Tamanho:<\/strong> 40 x 30 x 20 cm<\/li>\n<li><strong>Grava\u00e7\u00e3o<\/strong> bordado ou laser na plaquinha inox<\/li>\n<\/ul>\n","protected":false},"excerpt":{"rendered":"<p>Mochila de ombro e mala executiva para notebook 15,6&#8243; Couro sint\u00e9tico, resistente \u00e0 \u00e1gua Bolsos frontais com z\u00edper Al\u00e7a para encaixe em malas de viagem e duas al\u00e7as de m\u00e3os, sendo uma delas lateral para o transporte da mochila no modo pasta Al\u00e7a de ombro acolchoadas Conector para USB Capacidade 25L Tamanho: 40 x 30 [&hellip;]<\/p>\n","protected":false},"featured_media":8749,"template":"","meta":[],"product_cat":[96],"product_tag":[],"class_list":{"0":"post-8746","1":"product","2":"type-product","3":"status-publish","4":"has-post-thumbnail","6":"product_cat-mochilas-malas-e-viagem","8":"first","9":"instock","10":"shipping-taxable","11":"product-type-simple"},"_links":{"self":[{"href":"https:\/\/comexbrindes.com.br\/site\/wp-json\/wp\/v2\/product\/8746","targetHints":{"allow":["GET"]}}],"collection":[{"href":"https:\/\/comexbrindes.com.br\/site\/wp-json\/wp\/v2\/product"}],"about":[{"href":"https:\/\/comexbrindes.com.br\/site\/wp-json\/wp\/v2\/types\/product"}],"version-history":[{"count":2,"href":"https:\/\/comexbrindes.com.br\/site\/wp-json\/wp\/v2\/product\/8746\/revisions"}],"predecessor-version":[{"id":8753,"href":"https:\/\/comexbrindes.com.br\/site\/wp-json\/wp\/v2\/product\/8746\/revisions\/8753"}],"wp:featuredmedia":[{"embeddable":true,"href":"https:\/\/comexbrindes.com.br\/site\/wp-json\/wp\/v2\/media\/8749"}],"wp:attachment":[{"href":"https:\/\/comexbrindes.com.br\/site\/wp-json\/wp\/v2\/media?parent=8746"}],"wp:term":[{"taxonomy":"product_cat","embeddable":true,"href":"https:\/\/comexbrindes.com.br\/site\/wp-json\/wp\/v2\/product_cat?post=8746"},{"taxonomy":"product_tag","embeddable":true,"href":"https:\/\/comexbrindes.com.br\/site\/wp-json\/wp\/v2\/product_tag?post=8746"}],"curies":[{"name":"wp","href":"https:\/\/api.w.org\/{rel}","templated":true}]}}