{"id":8738,"date":"2026-04-28T14:08:54","date_gmt":"2026-04-28T14:08:54","guid":{"rendered":"https:\/\/comexbrindes.com.br\/site\/?post_type=product&#038;p=8738"},"modified":"2026-04-28T14:08:54","modified_gmt":"2026-04-28T14:08:54","slug":"mochila-de-ombro-as-544-cm","status":"publish","type":"product","link":"https:\/\/comexbrindes.com.br\/site\/produto\/mochila-de-ombro-as-544-cm\/","title":{"rendered":"MOCHILA DE OMBRO &#8211; AS.544-CM"},"content":{"rendered":"<ul>\n<li>Mochila de ombro, para <strong>notebook 15,6&#8243;<\/strong><\/li>\n<li>Em poli\u00e9ster resistente<\/li>\n<li>2 bolsos frontais com z\u00edper<\/li>\n<li>Al\u00e7a de m\u00e3o e ombro acolchoadas<\/li>\n<li>Conetor USB na lateral<\/li>\n<li>Capacidade 22L<\/li>\n<li><strong>Tamanho:<\/strong> 40 x 31 x 12 cm<\/li>\n<li><strong>Grava\u00e7\u00e3o<\/strong> bordado, 1 posi\u00e7\u00e3o<\/li>\n<\/ul>\n","protected":false},"excerpt":{"rendered":"<p>Mochila de ombro, para notebook 15,6&#8243; Em poli\u00e9ster resistente 2 bolsos frontais com z\u00edper Al\u00e7a de m\u00e3o e ombro acolchoadas Conetor USB na lateral Capacidade 22L Tamanho: 40 x 31 x 12 cm Grava\u00e7\u00e3o bordado, 1 posi\u00e7\u00e3o<\/p>\n","protected":false},"featured_media":8740,"template":"","meta":[],"product_cat":[68],"product_tag":[],"class_list":{"0":"post-8738","1":"product","2":"type-product","3":"status-publish","4":"has-post-thumbnail","6":"product_cat-malas-mochilas","8":"first","9":"instock","10":"shipping-taxable","11":"product-type-simple"},"_links":{"self":[{"href":"https:\/\/comexbrindes.com.br\/site\/wp-json\/wp\/v2\/product\/8738","targetHints":{"allow":["GET"]}}],"collection":[{"href":"https:\/\/comexbrindes.com.br\/site\/wp-json\/wp\/v2\/product"}],"about":[{"href":"https:\/\/comexbrindes.com.br\/site\/wp-json\/wp\/v2\/types\/product"}],"version-history":[{"count":1,"href":"https:\/\/comexbrindes.com.br\/site\/wp-json\/wp\/v2\/product\/8738\/revisions"}],"predecessor-version":[{"id":8741,"href":"https:\/\/comexbrindes.com.br\/site\/wp-json\/wp\/v2\/product\/8738\/revisions\/8741"}],"wp:featuredmedia":[{"embeddable":true,"href":"https:\/\/comexbrindes.com.br\/site\/wp-json\/wp\/v2\/media\/8740"}],"wp:attachment":[{"href":"https:\/\/comexbrindes.com.br\/site\/wp-json\/wp\/v2\/media?parent=8738"}],"wp:term":[{"taxonomy":"product_cat","embeddable":true,"href":"https:\/\/comexbrindes.com.br\/site\/wp-json\/wp\/v2\/product_cat?post=8738"},{"taxonomy":"product_tag","embeddable":true,"href":"https:\/\/comexbrindes.com.br\/site\/wp-json\/wp\/v2\/product_tag?post=8738"}],"curies":[{"name":"wp","href":"https:\/\/api.w.org\/{rel}","templated":true}]}}