{"id":8735,"date":"2026-04-28T13:40:24","date_gmt":"2026-04-28T13:40:24","guid":{"rendered":"https:\/\/comexbrindes.com.br\/site\/?post_type=product&#038;p=8735"},"modified":"2026-04-28T13:42:48","modified_gmt":"2026-04-28T13:42:48","slug":"mochila-de-ombro-nylon-bx-66020","status":"publish","type":"product","link":"https:\/\/comexbrindes.com.br\/site\/produto\/mochila-de-ombro-nylon-bx-66020\/","title":{"rendered":"MOCHILA DE OMBRO, NYLON &#8211; BX.66020"},"content":{"rendered":"<ul>\n<li>Mochila de ombro, nylon<\/li>\n<li>Possui compartimento para <strong>notebook 15,6&#8243;<\/strong><\/li>\n<li>2 compartimentos m\u00e9dios<\/li>\n<li>Bolso pequeno frontal e bolsos laterais de rede<\/li>\n<li>Z\u00edper prata<\/li>\n<li>Pegador emborrachado e tira de silicone com cabo de a\u00e7o interno para garantir maior resist\u00eancia<\/li>\n<li>Al\u00e7as e parte traseira revestidas de espuma para maior conforto<\/li>\n<li>Capacidade 30L<\/li>\n<li><strong>Tamanho:<\/strong> 44 x 25 x 19 cm<\/li>\n<li><strong>Grava\u00e7\u00e3o<\/strong> bordado, 1 posi\u00e7\u00e3o<\/li>\n<\/ul>\n","protected":false},"excerpt":{"rendered":"<p>Mochila de ombro, nylon Possui compartimento para notebook 15,6&#8243; 2 compartimentos m\u00e9dios Bolso pequeno frontal e bolsos laterais de rede Z\u00edper prata Pegador emborrachado e tira de silicone com cabo de a\u00e7o interno para garantir maior resist\u00eancia Al\u00e7as e parte traseira revestidas de espuma para maior conforto Capacidade 30L Tamanho: 44 x 25 x 19 [&hellip;]<\/p>\n","protected":false},"featured_media":8737,"template":"","meta":[],"product_cat":[68],"product_tag":[],"class_list":{"0":"post-8735","1":"product","2":"type-product","3":"status-publish","4":"has-post-thumbnail","6":"product_cat-malas-mochilas","8":"first","9":"instock","10":"shipping-taxable","11":"product-type-simple"},"_links":{"self":[{"href":"https:\/\/comexbrindes.com.br\/site\/wp-json\/wp\/v2\/product\/8735","targetHints":{"allow":["GET"]}}],"collection":[{"href":"https:\/\/comexbrindes.com.br\/site\/wp-json\/wp\/v2\/product"}],"about":[{"href":"https:\/\/comexbrindes.com.br\/site\/wp-json\/wp\/v2\/types\/product"}],"version-history":[{"count":1,"href":"https:\/\/comexbrindes.com.br\/site\/wp-json\/wp\/v2\/product\/8735\/revisions"}],"predecessor-version":[{"id":8736,"href":"https:\/\/comexbrindes.com.br\/site\/wp-json\/wp\/v2\/product\/8735\/revisions\/8736"}],"wp:featuredmedia":[{"embeddable":true,"href":"https:\/\/comexbrindes.com.br\/site\/wp-json\/wp\/v2\/media\/8737"}],"wp:attachment":[{"href":"https:\/\/comexbrindes.com.br\/site\/wp-json\/wp\/v2\/media?parent=8735"}],"wp:term":[{"taxonomy":"product_cat","embeddable":true,"href":"https:\/\/comexbrindes.com.br\/site\/wp-json\/wp\/v2\/product_cat?post=8735"},{"taxonomy":"product_tag","embeddable":true,"href":"https:\/\/comexbrindes.com.br\/site\/wp-json\/wp\/v2\/product_tag?post=8735"}],"curies":[{"name":"wp","href":"https:\/\/api.w.org\/{rel}","templated":true}]}}