{"id":8711,"date":"2026-04-28T12:28:03","date_gmt":"2026-04-28T12:28:03","guid":{"rendered":"https:\/\/comexbrindes.com.br\/site\/?post_type=product&#038;p=8711"},"modified":"2026-04-28T13:10:38","modified_gmt":"2026-04-28T13:10:38","slug":"mochila-de-ombro-executiva-poliester-divisorias-156-as-602-cm","status":"publish","type":"product","link":"https:\/\/comexbrindes.com.br\/site\/produto\/mochila-de-ombro-executiva-poliester-divisorias-156-as-602-cm\/","title":{"rendered":"MOCHILA DE OMBRO EXECUTIVA, POLIESTER &#8211; AS.602-CM"},"content":{"rendered":"<ul>\n<li>Mochila de ombro executiva<\/li>\n<li>Em poli\u00e9ster<\/li>\n<li>Compartimento para <strong>notebook 15,6&#8243;<\/strong><\/li>\n<li>Bolsos frontais com z\u00edper refor\u00e7ado<\/li>\n<li>2 bolsos laterais, telados<\/li>\n<li>Al\u00e7a de m\u00e3o e ombro acolchoadas<\/li>\n<li>Sa\u00edda USB com cabo ligado ao interior da mochila<\/li>\n<li>Capacidade 22L<\/li>\n<li><strong>Tamanho:<\/strong> 40 x 30 x 18 cm<\/li>\n<li><strong>Grava\u00e7\u00e3o<\/strong> laser em placa inox<\/li>\n<\/ul>\n","protected":false},"excerpt":{"rendered":"<p>Mochila de ombro executiva Em poli\u00e9ster Compartimento para notebook 15,6&#8243; Bolsos frontais com z\u00edper refor\u00e7ado 2 bolsos laterais, telados Al\u00e7a de m\u00e3o e ombro acolchoadas Sa\u00edda USB com cabo ligado ao interior da mochila Capacidade 22L Tamanho: 40 x 30 x 18 cm Grava\u00e7\u00e3o laser em placa inox<\/p>\n","protected":false},"featured_media":6968,"template":"","meta":[],"product_cat":[68],"product_tag":[],"class_list":{"0":"post-8711","1":"product","2":"type-product","3":"status-publish","4":"has-post-thumbnail","6":"product_cat-malas-mochilas","8":"first","9":"instock","10":"shipping-taxable","11":"product-type-simple"},"_links":{"self":[{"href":"https:\/\/comexbrindes.com.br\/site\/wp-json\/wp\/v2\/product\/8711","targetHints":{"allow":["GET"]}}],"collection":[{"href":"https:\/\/comexbrindes.com.br\/site\/wp-json\/wp\/v2\/product"}],"about":[{"href":"https:\/\/comexbrindes.com.br\/site\/wp-json\/wp\/v2\/types\/product"}],"version-history":[{"count":3,"href":"https:\/\/comexbrindes.com.br\/site\/wp-json\/wp\/v2\/product\/8711\/revisions"}],"predecessor-version":[{"id":8729,"href":"https:\/\/comexbrindes.com.br\/site\/wp-json\/wp\/v2\/product\/8711\/revisions\/8729"}],"wp:featuredmedia":[{"embeddable":true,"href":"https:\/\/comexbrindes.com.br\/site\/wp-json\/wp\/v2\/media\/6968"}],"wp:attachment":[{"href":"https:\/\/comexbrindes.com.br\/site\/wp-json\/wp\/v2\/media?parent=8711"}],"wp:term":[{"taxonomy":"product_cat","embeddable":true,"href":"https:\/\/comexbrindes.com.br\/site\/wp-json\/wp\/v2\/product_cat?post=8711"},{"taxonomy":"product_tag","embeddable":true,"href":"https:\/\/comexbrindes.com.br\/site\/wp-json\/wp\/v2\/product_tag?post=8711"}],"curies":[{"name":"wp","href":"https:\/\/api.w.org\/{rel}","templated":true}]}}