{"id":8707,"date":"2026-04-28T12:17:16","date_gmt":"2026-04-28T12:17:16","guid":{"rendered":"https:\/\/comexbrindes.com.br\/site\/?post_type=product&#038;p=8707"},"modified":"2026-04-28T13:16:49","modified_gmt":"2026-04-28T13:16:49","slug":"mochila-de-ombro-poliester-17-bx-44190","status":"publish","type":"product","link":"https:\/\/comexbrindes.com.br\/site\/produto\/mochila-de-ombro-poliester-17-bx-44190\/","title":{"rendered":"MOCHILA DE OMBRO, POLIESTER &#8211; BX.44190"},"content":{"rendered":"<ul>\n<li>Mochila de ombro, <strong>notebook 17&#8243;<\/strong><\/li>\n<li>Em poli\u00e9ster alta resist\u00eancia, robusto<\/li>\n<li>3 compartimentos frontais<\/li>\n<li>Al\u00e7as de ombro e costas acolchoada com revestimento<\/li>\n<li>Antitranspirante e bolsos laterais telados<\/li>\n<li>Capacidade 32L<\/li>\n<li><strong>Tamanho:<\/strong> 48 x 34 x 15 cm<\/li>\n<li><strong> Grava\u00e7\u00e3o<\/strong> bordado, 1 posi\u00e7\u00e3o<\/li>\n<\/ul>\n","protected":false},"excerpt":{"rendered":"<p>Mochila de ombro, notebook 17&#8243; Em poli\u00e9ster alta resist\u00eancia, robusto 3 compartimentos frontais Al\u00e7as de ombro e costas acolchoada com revestimento Antitranspirante e bolsos laterais telados Capacidade 32L Tamanho: 48 x 34 x 15 cm Grava\u00e7\u00e3o bordado, 1 posi\u00e7\u00e3o<\/p>\n","protected":false},"featured_media":8708,"template":"","meta":[],"product_cat":[68],"product_tag":[],"class_list":{"0":"post-8707","1":"product","2":"type-product","3":"status-publish","4":"has-post-thumbnail","6":"product_cat-malas-mochilas","8":"first","9":"instock","10":"shipping-taxable","11":"product-type-simple"},"_links":{"self":[{"href":"https:\/\/comexbrindes.com.br\/site\/wp-json\/wp\/v2\/product\/8707","targetHints":{"allow":["GET"]}}],"collection":[{"href":"https:\/\/comexbrindes.com.br\/site\/wp-json\/wp\/v2\/product"}],"about":[{"href":"https:\/\/comexbrindes.com.br\/site\/wp-json\/wp\/v2\/types\/product"}],"version-history":[{"count":3,"href":"https:\/\/comexbrindes.com.br\/site\/wp-json\/wp\/v2\/product\/8707\/revisions"}],"predecessor-version":[{"id":8732,"href":"https:\/\/comexbrindes.com.br\/site\/wp-json\/wp\/v2\/product\/8707\/revisions\/8732"}],"wp:featuredmedia":[{"embeddable":true,"href":"https:\/\/comexbrindes.com.br\/site\/wp-json\/wp\/v2\/media\/8708"}],"wp:attachment":[{"href":"https:\/\/comexbrindes.com.br\/site\/wp-json\/wp\/v2\/media?parent=8707"}],"wp:term":[{"taxonomy":"product_cat","embeddable":true,"href":"https:\/\/comexbrindes.com.br\/site\/wp-json\/wp\/v2\/product_cat?post=8707"},{"taxonomy":"product_tag","embeddable":true,"href":"https:\/\/comexbrindes.com.br\/site\/wp-json\/wp\/v2\/product_tag?post=8707"}],"curies":[{"name":"wp","href":"https:\/\/api.w.org\/{rel}","templated":true}]}}