{"id":8693,"date":"2026-04-28T11:31:46","date_gmt":"2026-04-28T11:31:46","guid":{"rendered":"https:\/\/comexbrindes.com.br\/site\/?post_type=product&#038;p=8693"},"modified":"2026-04-28T13:00:14","modified_gmt":"2026-04-28T13:00:14","slug":"mochila-de-ombro-couro-sintetico-15-6-bx-27180-a","status":"publish","type":"product","link":"https:\/\/comexbrindes.com.br\/site\/produto\/mochila-de-ombro-couro-sintetico-15-6-bx-27180-a\/","title":{"rendered":"22 MOCHILA DE OMBRO, COURO SINT\u00c9TICO &#8211; BX.27180-A"},"content":{"rendered":"<ul>\n<li>Mochila de ombro, <strong>para notebook 15,6&#8243;<\/strong><\/li>\n<li>Couro sint\u00e9tico, resistente \u00e0 \u00e1gua<\/li>\n<li>4 compartimentos, frontal, bolsos e divis\u00f3rias<\/li>\n<li>Compartimento antifurto<\/li>\n<li>Entrada para cabo USB<\/li>\n<li>Al\u00e7as regul\u00e1veis e parte traseira acolchoados<\/li>\n<li>Acabamentos refletivos<\/li>\n<li>Engate para malas de viagem<\/li>\n<li>Capacidade 26L<\/li>\n<li><strong>Tamanho<\/strong>: 40 x 26 x 13 cm<\/li>\n<li><strong> Cores<\/strong>: preto, cinza e verde<\/li>\n<li><strong>Grava\u00e7\u00e3o<\/strong> bordado<\/li>\n<\/ul>\n","protected":false},"excerpt":{"rendered":"<p>Mochila de ombro, para notebook 15,6&#8243; Couro sint\u00e9tico, resistente \u00e0 \u00e1gua 4 compartimentos, frontal, bolsos e divis\u00f3rias Compartimento antifurto Entrada para cabo USB Al\u00e7as regul\u00e1veis e parte traseira acolchoados Acabamentos refletivos Engate para malas de viagem Capacidade 26L Tamanho: 40 x 26 x 13 cm Cores: preto, cinza e verde Grava\u00e7\u00e3o bordado<\/p>\n","protected":false},"featured_media":8694,"template":"","meta":[],"product_cat":[68],"product_tag":[],"class_list":{"0":"post-8693","1":"product","2":"type-product","3":"status-publish","4":"has-post-thumbnail","6":"product_cat-malas-mochilas","8":"first","9":"instock","10":"shipping-taxable","11":"product-type-simple"},"_links":{"self":[{"href":"https:\/\/comexbrindes.com.br\/site\/wp-json\/wp\/v2\/product\/8693","targetHints":{"allow":["GET"]}}],"collection":[{"href":"https:\/\/comexbrindes.com.br\/site\/wp-json\/wp\/v2\/product"}],"about":[{"href":"https:\/\/comexbrindes.com.br\/site\/wp-json\/wp\/v2\/types\/product"}],"version-history":[{"count":3,"href":"https:\/\/comexbrindes.com.br\/site\/wp-json\/wp\/v2\/product\/8693\/revisions"}],"predecessor-version":[{"id":8726,"href":"https:\/\/comexbrindes.com.br\/site\/wp-json\/wp\/v2\/product\/8693\/revisions\/8726"}],"wp:featuredmedia":[{"embeddable":true,"href":"https:\/\/comexbrindes.com.br\/site\/wp-json\/wp\/v2\/media\/8694"}],"wp:attachment":[{"href":"https:\/\/comexbrindes.com.br\/site\/wp-json\/wp\/v2\/media?parent=8693"}],"wp:term":[{"taxonomy":"product_cat","embeddable":true,"href":"https:\/\/comexbrindes.com.br\/site\/wp-json\/wp\/v2\/product_cat?post=8693"},{"taxonomy":"product_tag","embeddable":true,"href":"https:\/\/comexbrindes.com.br\/site\/wp-json\/wp\/v2\/product_tag?post=8693"}],"curies":[{"name":"wp","href":"https:\/\/api.w.org\/{rel}","templated":true}]}}