{"id":8689,"date":"2026-04-27T21:12:02","date_gmt":"2026-04-27T21:12:02","guid":{"rendered":"https:\/\/comexbrindes.com.br\/site\/?post_type=product&#038;p=8689"},"modified":"2026-04-28T12:44:12","modified_gmt":"2026-04-28T12:44:12","slug":"mochila-de-ombro-156-poliester-alta-resistencia-as-831-cm","status":"publish","type":"product","link":"https:\/\/comexbrindes.com.br\/site\/produto\/mochila-de-ombro-156-poliester-alta-resistencia-as-831-cm\/","title":{"rendered":"18 MOCHILA DE OMBRO, POLI\u00c9STER &#8211; AS.831-CM"},"content":{"rendered":"<ul>\n<li>Mochila de ombro, <strong>notebook 15,6&#8243;<\/strong><\/li>\n<li>Poli\u00e9ster alta resist\u00eancia<\/li>\n<li>Fechamento em cadeado com segredo<\/li>\n<li>Bolso frontal com z\u00edper<\/li>\n<li>Faixa reflexiva na parte frontal<\/li>\n<li>Sa\u00edda USB e para fone de ouvido<\/li>\n<li>Al\u00e7a de m\u00e3o em metal<\/li>\n<li>Al\u00e7a de ombro acolchoada<\/li>\n<li>Engate para mala de viagem<\/li>\n<li><strong>Tamanho:<\/strong>46 x 29 x 22 cm<\/li>\n<li><strong>Cores<\/strong> preto e cinza<\/li>\n<li><strong>Grava\u00e7\u00e3o<\/strong> bordado<\/li>\n<\/ul>\n","protected":false},"excerpt":{"rendered":"<p>Mochila de ombro, notebook 15,6&#8243; Poli\u00e9ster alta resist\u00eancia Fechamento em cadeado com segredo Bolso frontal com z\u00edper Faixa reflexiva na parte frontal Sa\u00edda USB e para fone de ouvido Al\u00e7a de m\u00e3o em metal Al\u00e7a de ombro acolchoada Engate para mala de viagem Tamanho:46 x 29 x 22 cm Cores preto e cinza Grava\u00e7\u00e3o bordado<\/p>\n","protected":false},"featured_media":8691,"template":"","meta":[],"product_cat":[68],"product_tag":[],"class_list":{"0":"post-8689","1":"product","2":"type-product","3":"status-publish","4":"has-post-thumbnail","6":"product_cat-malas-mochilas","8":"first","9":"instock","10":"shipping-taxable","11":"product-type-simple"},"_links":{"self":[{"href":"https:\/\/comexbrindes.com.br\/site\/wp-json\/wp\/v2\/product\/8689","targetHints":{"allow":["GET"]}}],"collection":[{"href":"https:\/\/comexbrindes.com.br\/site\/wp-json\/wp\/v2\/product"}],"about":[{"href":"https:\/\/comexbrindes.com.br\/site\/wp-json\/wp\/v2\/types\/product"}],"version-history":[{"count":4,"href":"https:\/\/comexbrindes.com.br\/site\/wp-json\/wp\/v2\/product\/8689\/revisions"}],"predecessor-version":[{"id":8722,"href":"https:\/\/comexbrindes.com.br\/site\/wp-json\/wp\/v2\/product\/8689\/revisions\/8722"}],"wp:featuredmedia":[{"embeddable":true,"href":"https:\/\/comexbrindes.com.br\/site\/wp-json\/wp\/v2\/media\/8691"}],"wp:attachment":[{"href":"https:\/\/comexbrindes.com.br\/site\/wp-json\/wp\/v2\/media?parent=8689"}],"wp:term":[{"taxonomy":"product_cat","embeddable":true,"href":"https:\/\/comexbrindes.com.br\/site\/wp-json\/wp\/v2\/product_cat?post=8689"},{"taxonomy":"product_tag","embeddable":true,"href":"https:\/\/comexbrindes.com.br\/site\/wp-json\/wp\/v2\/product_tag?post=8689"}],"curies":[{"name":"wp","href":"https:\/\/api.w.org\/{rel}","templated":true}]}}