{"id":8679,"date":"2026-04-27T20:40:47","date_gmt":"2026-04-27T20:40:47","guid":{"rendered":"https:\/\/comexbrindes.com.br\/site\/?post_type=product&#038;p=8679"},"modified":"2026-04-28T12:41:41","modified_gmt":"2026-04-28T12:41:41","slug":"mochila-de-ombro-executiva-156-poliester-alta-resistencia-as-601-cm","status":"publish","type":"product","link":"https:\/\/comexbrindes.com.br\/site\/produto\/mochila-de-ombro-executiva-156-poliester-alta-resistencia-as-601-cm\/","title":{"rendered":"17 MOCHILA DE OMBRO EXECUTIVA &#8211; AS.601-CM"},"content":{"rendered":"<ul>\n<li>Mochila de ombro executiva, <strong>notebook 15,6&#8243;<\/strong><\/li>\n<li>Em poli\u00e9ster alta resist\u00eancia e durabilidade<\/li>\n<li>Possui al\u00e7as lateral e de ombro acolchoadas<\/li>\n<li>Al\u00e7a de m\u00e3o<\/li>\n<li>Engate para mala de viagem<\/li>\n<li>Bolso frontal com z\u00edper<\/li>\n<li>Bolso traseiro para ocultar as al\u00e7as<\/li>\n<li>Capacidade 32L<\/li>\n<li><strong>Tamanho:<\/strong> 49 x 34 x 19 cm<\/li>\n<li><strong> Grava\u00e7\u00e3o<\/strong> bordado, 1 posi\u00e7\u00e3o<\/li>\n<\/ul>\n","protected":false},"excerpt":{"rendered":"<p>Mochila de ombro executiva, notebook 15,6&#8243; Em poli\u00e9ster alta resist\u00eancia e durabilidade Possui al\u00e7as lateral e de ombro acolchoadas Al\u00e7a de m\u00e3o Engate para mala de viagem Bolso frontal com z\u00edper Bolso traseiro para ocultar as al\u00e7as Capacidade 32L Tamanho: 49 x 34 x 19 cm Grava\u00e7\u00e3o bordado, 1 posi\u00e7\u00e3o<\/p>\n","protected":false},"featured_media":8681,"template":"","meta":[],"product_cat":[68],"product_tag":[],"class_list":{"0":"post-8679","1":"product","2":"type-product","3":"status-publish","4":"has-post-thumbnail","6":"product_cat-malas-mochilas","8":"first","9":"instock","10":"shipping-taxable","11":"product-type-simple"},"_links":{"self":[{"href":"https:\/\/comexbrindes.com.br\/site\/wp-json\/wp\/v2\/product\/8679","targetHints":{"allow":["GET"]}}],"collection":[{"href":"https:\/\/comexbrindes.com.br\/site\/wp-json\/wp\/v2\/product"}],"about":[{"href":"https:\/\/comexbrindes.com.br\/site\/wp-json\/wp\/v2\/types\/product"}],"version-history":[{"count":6,"href":"https:\/\/comexbrindes.com.br\/site\/wp-json\/wp\/v2\/product\/8679\/revisions"}],"predecessor-version":[{"id":8720,"href":"https:\/\/comexbrindes.com.br\/site\/wp-json\/wp\/v2\/product\/8679\/revisions\/8720"}],"wp:featuredmedia":[{"embeddable":true,"href":"https:\/\/comexbrindes.com.br\/site\/wp-json\/wp\/v2\/media\/8681"}],"wp:attachment":[{"href":"https:\/\/comexbrindes.com.br\/site\/wp-json\/wp\/v2\/media?parent=8679"}],"wp:term":[{"taxonomy":"product_cat","embeddable":true,"href":"https:\/\/comexbrindes.com.br\/site\/wp-json\/wp\/v2\/product_cat?post=8679"},{"taxonomy":"product_tag","embeddable":true,"href":"https:\/\/comexbrindes.com.br\/site\/wp-json\/wp\/v2\/product_tag?post=8679"}],"curies":[{"name":"wp","href":"https:\/\/api.w.org\/{rel}","templated":true}]}}