{"id":8674,"date":"2026-04-27T20:27:20","date_gmt":"2026-04-27T20:27:20","guid":{"rendered":"https:\/\/comexbrindes.com.br\/site\/?post_type=product&#038;p=8674"},"modified":"2026-04-27T20:48:40","modified_gmt":"2026-04-27T20:48:40","slug":"avental-em-algodao-sarjado-gravacao-bordado-ou-transfer-sp-75199","status":"publish","type":"product","link":"https:\/\/comexbrindes.com.br\/site\/produto\/avental-em-algodao-sarjado-gravacao-bordado-ou-transfer-sp-75199\/","title":{"rendered":"AVENTAL EM ALGOD\u00c3O SARJADO &#8211; SP.75199"},"content":{"rendered":"<ul>\n<li>Avental em algod\u00e3o sarjado<\/li>\n<li>liso sem bolso<\/li>\n<li><strong>Tamanho:<\/strong> 90,0 x 65,0 cm<\/li>\n<li><strong>Cores<\/strong> diversas<\/li>\n<li><strong>Grava\u00e7\u00e3o<\/strong> bordado ou transfer, 1 posi\u00e7\u00e3o<\/li>\n<\/ul>\n","protected":false},"excerpt":{"rendered":"<p>Avental em algod\u00e3o sarjado liso sem bolso Tamanho: 90,0 x 65,0 cm Cores diversas Grava\u00e7\u00e3o bordado ou transfer, 1 posi\u00e7\u00e3o<\/p>\n","protected":false},"featured_media":8675,"template":"","meta":[],"product_cat":[64],"product_tag":[],"class_list":{"0":"post-8674","1":"product","2":"type-product","3":"status-publish","4":"has-post-thumbnail","6":"product_cat-churrasco","8":"first","9":"instock","10":"shipping-taxable","11":"product-type-simple"},"_links":{"self":[{"href":"https:\/\/comexbrindes.com.br\/site\/wp-json\/wp\/v2\/product\/8674","targetHints":{"allow":["GET"]}}],"collection":[{"href":"https:\/\/comexbrindes.com.br\/site\/wp-json\/wp\/v2\/product"}],"about":[{"href":"https:\/\/comexbrindes.com.br\/site\/wp-json\/wp\/v2\/types\/product"}],"version-history":[{"count":2,"href":"https:\/\/comexbrindes.com.br\/site\/wp-json\/wp\/v2\/product\/8674\/revisions"}],"predecessor-version":[{"id":8687,"href":"https:\/\/comexbrindes.com.br\/site\/wp-json\/wp\/v2\/product\/8674\/revisions\/8687"}],"wp:featuredmedia":[{"embeddable":true,"href":"https:\/\/comexbrindes.com.br\/site\/wp-json\/wp\/v2\/media\/8675"}],"wp:attachment":[{"href":"https:\/\/comexbrindes.com.br\/site\/wp-json\/wp\/v2\/media?parent=8674"}],"wp:term":[{"taxonomy":"product_cat","embeddable":true,"href":"https:\/\/comexbrindes.com.br\/site\/wp-json\/wp\/v2\/product_cat?post=8674"},{"taxonomy":"product_tag","embeddable":true,"href":"https:\/\/comexbrindes.com.br\/site\/wp-json\/wp\/v2\/product_tag?post=8674"}],"curies":[{"name":"wp","href":"https:\/\/api.w.org\/{rel}","templated":true}]}}