{"id":8663,"date":"2026-04-27T18:59:56","date_gmt":"2026-04-27T18:59:56","guid":{"rendered":"https:\/\/comexbrindes.com.br\/site\/?post_type=product&#038;p=8663"},"modified":"2026-04-28T12:46:29","modified_gmt":"2026-04-28T12:46:29","slug":"mochila-de-ombro-executiva-156-em-nylon-balistico-trama-robusta-sp-76129","status":"publish","type":"product","link":"https:\/\/comexbrindes.com.br\/site\/produto\/mochila-de-ombro-executiva-156-em-nylon-balistico-trama-robusta-sp-76129\/","title":{"rendered":"19 MOCHILA DE OMBRO EXECUTIVA &#8211; SP.76129"},"content":{"rendered":"<ul>\n<li>Mochila de ombro executiva, <strong>notebook 15,6&#8243;<\/strong><\/li>\n<li>Em nylon bal\u00edstico, trama robusta e resist\u00eancia \u00e0 \u00e1gua<\/li>\n<li>3 bolsos frontais<\/li>\n<li>2 bolsos laterais<\/li>\n<li>Parte posterior e apoio almofadado<\/li>\n<li>Al\u00e7a de m\u00e3o e ombro acolchoadas<\/li>\n<li>Capacidade at\u00e9 26 L<\/li>\n<li><strong>Tamanho:<\/strong> 48 x 33 x 18 cm<\/li>\n<li><strong>Grava\u00e7\u00e3o<\/strong> laser placa inox (5 x 2 cm)<\/li>\n<\/ul>\n","protected":false},"excerpt":{"rendered":"<p>Mochila de ombro executiva, notebook 15,6&#8243; Em nylon bal\u00edstico, trama robusta e resist\u00eancia \u00e0 \u00e1gua 3 bolsos frontais 2 bolsos laterais Parte posterior e apoio almofadado Al\u00e7a de m\u00e3o e ombro acolchoadas Capacidade at\u00e9 26 L Tamanho: 48 x 33 x 18 cm Grava\u00e7\u00e3o laser placa inox (5 x 2 cm)<\/p>\n","protected":false},"featured_media":8666,"template":"","meta":[],"product_cat":[68],"product_tag":[],"class_list":{"0":"post-8663","1":"product","2":"type-product","3":"status-publish","4":"has-post-thumbnail","6":"product_cat-malas-mochilas","8":"first","9":"instock","10":"shipping-taxable","11":"product-type-simple"},"_links":{"self":[{"href":"https:\/\/comexbrindes.com.br\/site\/wp-json\/wp\/v2\/product\/8663","targetHints":{"allow":["GET"]}}],"collection":[{"href":"https:\/\/comexbrindes.com.br\/site\/wp-json\/wp\/v2\/product"}],"about":[{"href":"https:\/\/comexbrindes.com.br\/site\/wp-json\/wp\/v2\/types\/product"}],"version-history":[{"count":5,"href":"https:\/\/comexbrindes.com.br\/site\/wp-json\/wp\/v2\/product\/8663\/revisions"}],"predecessor-version":[{"id":8668,"href":"https:\/\/comexbrindes.com.br\/site\/wp-json\/wp\/v2\/product\/8663\/revisions\/8668"}],"wp:featuredmedia":[{"embeddable":true,"href":"https:\/\/comexbrindes.com.br\/site\/wp-json\/wp\/v2\/media\/8666"}],"wp:attachment":[{"href":"https:\/\/comexbrindes.com.br\/site\/wp-json\/wp\/v2\/media?parent=8663"}],"wp:term":[{"taxonomy":"product_cat","embeddable":true,"href":"https:\/\/comexbrindes.com.br\/site\/wp-json\/wp\/v2\/product_cat?post=8663"},{"taxonomy":"product_tag","embeddable":true,"href":"https:\/\/comexbrindes.com.br\/site\/wp-json\/wp\/v2\/product_tag?post=8663"}],"curies":[{"name":"wp","href":"https:\/\/api.w.org\/{rel}","templated":true}]}}