{"id":8659,"date":"2026-04-27T18:44:50","date_gmt":"2026-04-27T18:44:50","guid":{"rendered":"https:\/\/comexbrindes.com.br\/site\/?post_type=product&#038;p=8659"},"modified":"2026-04-28T12:38:13","modified_gmt":"2026-04-28T12:38:13","slug":"mochila-de-ombro-executiva-17-poliester-oxford-alta-densidade-sp-66129","status":"publish","type":"product","link":"https:\/\/comexbrindes.com.br\/site\/produto\/mochila-de-ombro-executiva-17-poliester-oxford-alta-densidade-sp-66129\/","title":{"rendered":"15 MOCHILA DE OMBRO EXECUTIVA &#8211; SP.66129"},"content":{"rendered":"<ul>\n<li>Mochila de ombro executiva, <strong>notebook 17&#8243;<\/strong><\/li>\n<li>Em poli\u00e9ster oxford alta densidade<\/li>\n<li>Compartimento para notebook<\/li>\n<li>2 bolsos frontais com z\u00edper<\/li>\n<li>2 bolsos laterais telado<\/li>\n<li>Parte posterior e apoio almofadado<\/li>\n<li>Al\u00e7a de m\u00e3o e ombro acolchoadas<\/li>\n<li>Capacidade 24L<\/li>\n<li><strong>Tamanho:<\/strong> 45 x 34 x 17,5 cm<\/li>\n<li><strong>Grava\u00e7\u00e3o<\/strong> laser na placa inox (5&#215;2 cm)<\/li>\n<\/ul>\n","protected":false},"excerpt":{"rendered":"<p>Mochila de ombro executiva, notebook 17&#8243; Em poli\u00e9ster oxford alta densidade Compartimento para notebook 2 bolsos frontais com z\u00edper 2 bolsos laterais telado Parte posterior e apoio almofadado Al\u00e7a de m\u00e3o e ombro acolchoadas Capacidade 24L Tamanho: 45 x 34 x 17,5 cm Grava\u00e7\u00e3o laser na placa inox (5&#215;2 cm)<\/p>\n","protected":false},"featured_media":8660,"template":"","meta":[],"product_cat":[68],"product_tag":[],"class_list":{"0":"post-8659","1":"product","2":"type-product","3":"status-publish","4":"has-post-thumbnail","6":"product_cat-malas-mochilas","8":"first","9":"instock","10":"shipping-taxable","11":"product-type-simple"},"_links":{"self":[{"href":"https:\/\/comexbrindes.com.br\/site\/wp-json\/wp\/v2\/product\/8659","targetHints":{"allow":["GET"]}}],"collection":[{"href":"https:\/\/comexbrindes.com.br\/site\/wp-json\/wp\/v2\/product"}],"about":[{"href":"https:\/\/comexbrindes.com.br\/site\/wp-json\/wp\/v2\/types\/product"}],"version-history":[{"count":6,"href":"https:\/\/comexbrindes.com.br\/site\/wp-json\/wp\/v2\/product\/8659\/revisions"}],"predecessor-version":[{"id":8718,"href":"https:\/\/comexbrindes.com.br\/site\/wp-json\/wp\/v2\/product\/8659\/revisions\/8718"}],"wp:featuredmedia":[{"embeddable":true,"href":"https:\/\/comexbrindes.com.br\/site\/wp-json\/wp\/v2\/media\/8660"}],"wp:attachment":[{"href":"https:\/\/comexbrindes.com.br\/site\/wp-json\/wp\/v2\/media?parent=8659"}],"wp:term":[{"taxonomy":"product_cat","embeddable":true,"href":"https:\/\/comexbrindes.com.br\/site\/wp-json\/wp\/v2\/product_cat?post=8659"},{"taxonomy":"product_tag","embeddable":true,"href":"https:\/\/comexbrindes.com.br\/site\/wp-json\/wp\/v2\/product_tag?post=8659"}],"curies":[{"name":"wp","href":"https:\/\/api.w.org\/{rel}","templated":true}]}}