{"id":8648,"date":"2026-04-10T11:41:12","date_gmt":"2026-04-10T11:41:12","guid":{"rendered":"https:\/\/comexbrindes.com.br\/site\/?post_type=product&#038;p=8648"},"modified":"2026-04-10T11:41:12","modified_gmt":"2026-04-10T11:41:12","slug":"avental-100-algodao-fivelas-metalicas-3-bolsos-sp-31899","status":"publish","type":"product","link":"https:\/\/comexbrindes.com.br\/site\/produto\/avental-100-algodao-fivelas-metalicas-3-bolsos-sp-31899\/","title":{"rendered":"AVENTAL 100% ALGOD\u00c3O, FIVELAS MET\u00c1LICAS, 3 BOLSOS &#8211; SP.31899"},"content":{"rendered":"<ul>\n<li>Avental 100% algod\u00e3o canvas (300g\/m\u00b2)<\/li>\n<li>Com detalhes em metal<\/li>\n<li>3 bolsos frontais multifuncionais<\/li>\n<li>Tira lateral para suporte de pano de cozinha<\/li>\n<li>Tira do pesco\u00e7o facilmente ajust\u00e1vel<\/li>\n<li><strong>Tamanho<\/strong>: 90,0 x 68,0 cm<\/li>\n<li><strong>Cores<\/strong> preto e azul<\/li>\n<li><strong>Grava\u00e7\u00e3o<\/strong> bordado ou transfer, 1 posi\u00e7\u00e3o<\/li>\n<\/ul>\n<p>&nbsp;<\/p>\n","protected":false},"excerpt":{"rendered":"<p>Avental 100% algod\u00e3o canvas (300g\/m\u00b2) Com detalhes em metal 3 bolsos frontais multifuncionais Tira lateral para suporte de pano de cozinha Tira do pesco\u00e7o facilmente ajust\u00e1vel Tamanho: 90,0 x 68,0 cm Cores preto e azul Grava\u00e7\u00e3o bordado ou transfer, 1 posi\u00e7\u00e3o &nbsp;<\/p>\n","protected":false},"featured_media":8650,"template":"","meta":[],"product_cat":[64],"product_tag":[],"class_list":{"0":"post-8648","1":"product","2":"type-product","3":"status-publish","4":"has-post-thumbnail","6":"product_cat-churrasco","8":"first","9":"instock","10":"shipping-taxable","11":"product-type-simple"},"_links":{"self":[{"href":"https:\/\/comexbrindes.com.br\/site\/wp-json\/wp\/v2\/product\/8648","targetHints":{"allow":["GET"]}}],"collection":[{"href":"https:\/\/comexbrindes.com.br\/site\/wp-json\/wp\/v2\/product"}],"about":[{"href":"https:\/\/comexbrindes.com.br\/site\/wp-json\/wp\/v2\/types\/product"}],"version-history":[{"count":1,"href":"https:\/\/comexbrindes.com.br\/site\/wp-json\/wp\/v2\/product\/8648\/revisions"}],"predecessor-version":[{"id":8652,"href":"https:\/\/comexbrindes.com.br\/site\/wp-json\/wp\/v2\/product\/8648\/revisions\/8652"}],"wp:featuredmedia":[{"embeddable":true,"href":"https:\/\/comexbrindes.com.br\/site\/wp-json\/wp\/v2\/media\/8650"}],"wp:attachment":[{"href":"https:\/\/comexbrindes.com.br\/site\/wp-json\/wp\/v2\/media?parent=8648"}],"wp:term":[{"taxonomy":"product_cat","embeddable":true,"href":"https:\/\/comexbrindes.com.br\/site\/wp-json\/wp\/v2\/product_cat?post=8648"},{"taxonomy":"product_tag","embeddable":true,"href":"https:\/\/comexbrindes.com.br\/site\/wp-json\/wp\/v2\/product_tag?post=8648"}],"curies":[{"name":"wp","href":"https:\/\/api.w.org\/{rel}","templated":true}]}}