{"id":8644,"date":"2026-04-09T20:58:45","date_gmt":"2026-04-09T20:58:45","guid":{"rendered":"https:\/\/comexbrindes.com.br\/site\/?post_type=product&#038;p=8644"},"modified":"2026-04-09T20:58:45","modified_gmt":"2026-04-09T20:58:45","slug":"avental-100-algodao-3-bolsos-sp-41899","status":"publish","type":"product","link":"https:\/\/comexbrindes.com.br\/site\/produto\/avental-100-algodao-3-bolsos-sp-41899\/","title":{"rendered":"AVENTAL 100% ALGOD\u00c3O, 3 BOLSOS &#8211; SP.41899"},"content":{"rendered":"<ul>\n<li>Avental 100% algod\u00e3o<\/li>\n<li>Com detalhes em metal<\/li>\n<li>Bolsos frontais multifuncionais<\/li>\n<li>Tira lateral para suporte de pano de cozinha<\/li>\n<li>Tira do pesco\u00e7o facilmente ajust\u00e1vel<\/li>\n<li><strong>Tamanho:<\/strong> 85,0 x 65,0 cm<\/li>\n<li><strong>Cor<\/strong> natural claro<\/li>\n<li><strong>Grava\u00e7\u00e3o<\/strong> bordado ou transfer, 1 posi\u00e7\u00e3o<\/li>\n<\/ul>\n","protected":false},"excerpt":{"rendered":"<p>Avental 100% algod\u00e3o Com detalhes em metal Bolsos frontais multifuncionais Tira lateral para suporte de pano de cozinha Tira do pesco\u00e7o facilmente ajust\u00e1vel Tamanho: 85,0 x 65,0 cm Cor natural claro Grava\u00e7\u00e3o bordado ou transfer, 1 posi\u00e7\u00e3o<\/p>\n","protected":false},"featured_media":8645,"template":"","meta":[],"product_cat":[64],"product_tag":[],"class_list":{"0":"post-8644","1":"product","2":"type-product","3":"status-publish","4":"has-post-thumbnail","6":"product_cat-churrasco","8":"first","9":"instock","10":"shipping-taxable","11":"product-type-simple"},"_links":{"self":[{"href":"https:\/\/comexbrindes.com.br\/site\/wp-json\/wp\/v2\/product\/8644","targetHints":{"allow":["GET"]}}],"collection":[{"href":"https:\/\/comexbrindes.com.br\/site\/wp-json\/wp\/v2\/product"}],"about":[{"href":"https:\/\/comexbrindes.com.br\/site\/wp-json\/wp\/v2\/types\/product"}],"version-history":[{"count":1,"href":"https:\/\/comexbrindes.com.br\/site\/wp-json\/wp\/v2\/product\/8644\/revisions"}],"predecessor-version":[{"id":8647,"href":"https:\/\/comexbrindes.com.br\/site\/wp-json\/wp\/v2\/product\/8644\/revisions\/8647"}],"wp:featuredmedia":[{"embeddable":true,"href":"https:\/\/comexbrindes.com.br\/site\/wp-json\/wp\/v2\/media\/8645"}],"wp:attachment":[{"href":"https:\/\/comexbrindes.com.br\/site\/wp-json\/wp\/v2\/media?parent=8644"}],"wp:term":[{"taxonomy":"product_cat","embeddable":true,"href":"https:\/\/comexbrindes.com.br\/site\/wp-json\/wp\/v2\/product_cat?post=8644"},{"taxonomy":"product_tag","embeddable":true,"href":"https:\/\/comexbrindes.com.br\/site\/wp-json\/wp\/v2\/product_tag?post=8644"}],"curies":[{"name":"wp","href":"https:\/\/api.w.org\/{rel}","templated":true}]}}