{"id":8637,"date":"2026-04-09T20:31:32","date_gmt":"2026-04-09T20:31:32","guid":{"rendered":"https:\/\/comexbrindes.com.br\/site\/?post_type=product&#038;p=8637"},"modified":"2026-04-09T20:34:07","modified_gmt":"2026-04-09T20:34:07","slug":"guarda-chuva-dobravel-abertura-automatica-sp-74199","status":"publish","type":"product","link":"https:\/\/comexbrindes.com.br\/site\/produto\/guarda-chuva-dobravel-abertura-automatica-sp-74199\/","title":{"rendered":"07 GUARDA-CHUVA, DOBR\u00c1VEL, ABERTURA AUTOM\u00c1TICA &#8211; SP.74199"},"content":{"rendered":"<ul>\n<li>Guarda-chuva poli\u00e9ster<\/li>\n<li>Dobr\u00e1vel<\/li>\n<li>Cabo revestido em borracha<\/li>\n<li>Resistente a ventos<\/li>\n<li>Abertura e fecho autom\u00e1tico<\/li>\n<li>Cores azul e preto<\/li>\n<li>Grava\u00e7\u00e3o tampografia 2 gomos, 1 cor. Opcional 4 gomos<\/li>\n<\/ul>\n","protected":false},"excerpt":{"rendered":"<p>Guarda-chuva poli\u00e9ster Dobr\u00e1vel Cabo revestido em borracha Resistente a ventos Abertura e fecho autom\u00e1tico Cores azul e preto Grava\u00e7\u00e3o tampografia 2 gomos, 1 cor. Opcional 4 gomos<\/p>\n","protected":false},"featured_media":8638,"template":"","meta":[],"product_cat":[78],"product_tag":[],"class_list":{"0":"post-8637","1":"product","2":"type-product","3":"status-publish","4":"has-post-thumbnail","6":"product_cat-sol-e-chuva","8":"first","9":"instock","10":"shipping-taxable","11":"product-type-simple"},"_links":{"self":[{"href":"https:\/\/comexbrindes.com.br\/site\/wp-json\/wp\/v2\/product\/8637","targetHints":{"allow":["GET"]}}],"collection":[{"href":"https:\/\/comexbrindes.com.br\/site\/wp-json\/wp\/v2\/product"}],"about":[{"href":"https:\/\/comexbrindes.com.br\/site\/wp-json\/wp\/v2\/types\/product"}],"version-history":[{"count":2,"href":"https:\/\/comexbrindes.com.br\/site\/wp-json\/wp\/v2\/product\/8637\/revisions"}],"predecessor-version":[{"id":8642,"href":"https:\/\/comexbrindes.com.br\/site\/wp-json\/wp\/v2\/product\/8637\/revisions\/8642"}],"wp:featuredmedia":[{"embeddable":true,"href":"https:\/\/comexbrindes.com.br\/site\/wp-json\/wp\/v2\/media\/8638"}],"wp:attachment":[{"href":"https:\/\/comexbrindes.com.br\/site\/wp-json\/wp\/v2\/media?parent=8637"}],"wp:term":[{"taxonomy":"product_cat","embeddable":true,"href":"https:\/\/comexbrindes.com.br\/site\/wp-json\/wp\/v2\/product_cat?post=8637"},{"taxonomy":"product_tag","embeddable":true,"href":"https:\/\/comexbrindes.com.br\/site\/wp-json\/wp\/v2\/product_tag?post=8637"}],"curies":[{"name":"wp","href":"https:\/\/api.w.org\/{rel}","templated":true}]}}