{"id":8627,"date":"2026-04-09T20:00:20","date_gmt":"2026-04-09T20:00:20","guid":{"rendered":"https:\/\/comexbrindes.com.br\/site\/?post_type=product&#038;p=8627"},"modified":"2026-04-09T20:19:14","modified_gmt":"2026-04-09T20:19:14","slug":"guarda-chuva-resistente-a-ventos-abertura-automatica-sp-59099","status":"publish","type":"product","link":"https:\/\/comexbrindes.com.br\/site\/produto\/guarda-chuva-resistente-a-ventos-abertura-automatica-sp-59099\/","title":{"rendered":"13 GUARDA-CHUVA, RESISTENTE A VENTOS, ABERTURA AUTOM\u00c1TICA &#8211; SP.59099"},"content":{"rendered":"<ul>\n<li>Guarda-chuva em poli\u00e9ster<\/li>\n<li>Varetas em fibra de vidro, haste met\u00e1lica e cabo ABS 35% recicl\u00e1vel<\/li>\n<li>Abertura e fecho autom\u00e1tico<\/li>\n<li>Resistente \u00e0 ventos<\/li>\n<li><strong>Tamanho:<\/strong> 105,0 x 33,0 cm \/ bolsa: 5,0 x 25,0 cm<\/li>\n<li><strong>Cores:<\/strong> azul escuro e preto<\/li>\n<li><strong>Grava\u00e7\u00e3o<\/strong> tampografia 2 gomos, 1 cor. Opcional 4 gomos<\/li>\n<\/ul>\n","protected":false},"excerpt":{"rendered":"<p>Guarda-chuva em poli\u00e9ster Varetas em fibra de vidro, haste met\u00e1lica e cabo ABS 35% recicl\u00e1vel Abertura e fecho autom\u00e1tico Resistente \u00e0 ventos Tamanho: 105,0 x 33,0 cm \/ bolsa: 5,0 x 25,0 cm Cores: azul escuro e preto Grava\u00e7\u00e3o tampografia 2 gomos, 1 cor. Opcional 4 gomos<\/p>\n","protected":false},"featured_media":8629,"template":"","meta":[],"product_cat":[78],"product_tag":[],"class_list":{"0":"post-8627","1":"product","2":"type-product","3":"status-publish","4":"has-post-thumbnail","6":"product_cat-sol-e-chuva","8":"first","9":"instock","10":"shipping-taxable","11":"product-type-simple"},"_links":{"self":[{"href":"https:\/\/comexbrindes.com.br\/site\/wp-json\/wp\/v2\/product\/8627","targetHints":{"allow":["GET"]}}],"collection":[{"href":"https:\/\/comexbrindes.com.br\/site\/wp-json\/wp\/v2\/product"}],"about":[{"href":"https:\/\/comexbrindes.com.br\/site\/wp-json\/wp\/v2\/types\/product"}],"version-history":[{"count":2,"href":"https:\/\/comexbrindes.com.br\/site\/wp-json\/wp\/v2\/product\/8627\/revisions"}],"predecessor-version":[{"id":8636,"href":"https:\/\/comexbrindes.com.br\/site\/wp-json\/wp\/v2\/product\/8627\/revisions\/8636"}],"wp:featuredmedia":[{"embeddable":true,"href":"https:\/\/comexbrindes.com.br\/site\/wp-json\/wp\/v2\/media\/8629"}],"wp:attachment":[{"href":"https:\/\/comexbrindes.com.br\/site\/wp-json\/wp\/v2\/media?parent=8627"}],"wp:term":[{"taxonomy":"product_cat","embeddable":true,"href":"https:\/\/comexbrindes.com.br\/site\/wp-json\/wp\/v2\/product_cat?post=8627"},{"taxonomy":"product_tag","embeddable":true,"href":"https:\/\/comexbrindes.com.br\/site\/wp-json\/wp\/v2\/product_tag?post=8627"}],"curies":[{"name":"wp","href":"https:\/\/api.w.org\/{rel}","templated":true}]}}