{"id":8622,"date":"2026-04-09T12:42:24","date_gmt":"2026-04-09T12:42:24","guid":{"rendered":"https:\/\/comexbrindes.com.br\/site\/?post_type=product&#038;p=8622"},"modified":"2026-04-09T20:15:54","modified_gmt":"2026-04-09T20:15:54","slug":"guarda-chuva-dobravel-abertura-manual-sp-29099","status":"publish","type":"product","link":"https:\/\/comexbrindes.com.br\/site\/produto\/guarda-chuva-dobravel-abertura-manual-sp-29099\/","title":{"rendered":"11 GUARDA-CHUVA, DOBR\u00c1VEL, ABERTURA MANUAL &#8211; SP.29099"},"content":{"rendered":"<ul>\n<li>Guarda-chuva dobr\u00e1vel<\/li>\n<li>Em poli\u00e9ster, varetas em fibra de vidro<\/li>\n<li>Haste met\u00e1lica e cabo em ABS reciclado<\/li>\n<li>Abertura manual<\/li>\n<li>\u00c0 prova de vento<\/li>\n<li><strong>Tamanho:<\/strong> 98 x 28 cm \/ bolsa &#8211; 23,0 x 5,0 cm<\/li>\n<li><strong>Cores:<\/strong> preto, branco, verde e azul<\/li>\n<li><strong>Grava\u00e7\u00e3o<\/strong> tampografia 2 gomos, 1 cor. Opcional 4 gomos<\/li>\n<\/ul>\n","protected":false},"excerpt":{"rendered":"<p>Guarda-chuva dobr\u00e1vel Em poli\u00e9ster, varetas em fibra de vidro Haste met\u00e1lica e cabo em ABS reciclado Abertura manual \u00c0 prova de vento Tamanho: 98 x 28 cm \/ bolsa &#8211; 23,0 x 5,0 cm Cores: preto, branco, verde e azul Grava\u00e7\u00e3o tampografia 2 gomos, 1 cor. Opcional 4 gomos<\/p>\n","protected":false},"featured_media":8625,"template":"","meta":[],"product_cat":[78],"product_tag":[],"class_list":{"0":"post-8622","1":"product","2":"type-product","3":"status-publish","4":"has-post-thumbnail","6":"product_cat-sol-e-chuva","8":"first","9":"instock","10":"shipping-taxable","11":"product-type-simple"},"_links":{"self":[{"href":"https:\/\/comexbrindes.com.br\/site\/wp-json\/wp\/v2\/product\/8622","targetHints":{"allow":["GET"]}}],"collection":[{"href":"https:\/\/comexbrindes.com.br\/site\/wp-json\/wp\/v2\/product"}],"about":[{"href":"https:\/\/comexbrindes.com.br\/site\/wp-json\/wp\/v2\/types\/product"}],"version-history":[{"count":2,"href":"https:\/\/comexbrindes.com.br\/site\/wp-json\/wp\/v2\/product\/8622\/revisions"}],"predecessor-version":[{"id":8634,"href":"https:\/\/comexbrindes.com.br\/site\/wp-json\/wp\/v2\/product\/8622\/revisions\/8634"}],"wp:featuredmedia":[{"embeddable":true,"href":"https:\/\/comexbrindes.com.br\/site\/wp-json\/wp\/v2\/media\/8625"}],"wp:attachment":[{"href":"https:\/\/comexbrindes.com.br\/site\/wp-json\/wp\/v2\/media?parent=8622"}],"wp:term":[{"taxonomy":"product_cat","embeddable":true,"href":"https:\/\/comexbrindes.com.br\/site\/wp-json\/wp\/v2\/product_cat?post=8622"},{"taxonomy":"product_tag","embeddable":true,"href":"https:\/\/comexbrindes.com.br\/site\/wp-json\/wp\/v2\/product_tag?post=8622"}],"curies":[{"name":"wp","href":"https:\/\/api.w.org\/{rel}","templated":true}]}}