{"id":8606,"date":"2026-04-09T11:36:24","date_gmt":"2026-04-09T11:36:24","guid":{"rendered":"https:\/\/comexbrindes.com.br\/site\/?post_type=product&#038;p=8606"},"modified":"2026-04-09T20:09:26","modified_gmt":"2026-04-09T20:09:26","slug":"guarda-chuva-em-poliester-abertura-automatica-sp-43199","status":"publish","type":"product","link":"https:\/\/comexbrindes.com.br\/site\/produto\/guarda-chuva-em-poliester-abertura-automatica-sp-43199\/","title":{"rendered":"GUARDA-CHUVA EM POLI\u00c9STER, ABERTURA AUTOM\u00c1TICA &#8211; SP.43199"},"content":{"rendered":"<ul>\n<li>Guarda-chuva em poli\u00e9ster<\/li>\n<li>Abertura autom\u00e1tica<\/li>\n<li>Cabo revestido em borracha<\/li>\n<li>Tamanho: 104,0 x 83,0 cm<\/li>\n<li>Cores preto, verde, vermelho, azul<\/li>\n<li>Grava\u00e7\u00e3o tampografia 2 gomos, 1 cor. Opcional 4 gomos<\/li>\n<\/ul>\n","protected":false},"excerpt":{"rendered":"<p>Guarda-chuva em poli\u00e9ster Abertura autom\u00e1tica Cabo revestido em borracha Tamanho: 104,0 x 83,0 cm Cores preto, verde, vermelho, azul Grava\u00e7\u00e3o tampografia 2 gomos, 1 cor. Opcional 4 gomos<\/p>\n","protected":false},"featured_media":8632,"template":"","meta":[],"product_cat":[78],"product_tag":[],"class_list":{"0":"post-8606","1":"product","2":"type-product","3":"status-publish","4":"has-post-thumbnail","6":"product_cat-sol-e-chuva","8":"first","9":"instock","10":"shipping-taxable","11":"product-type-simple"},"_links":{"self":[{"href":"https:\/\/comexbrindes.com.br\/site\/wp-json\/wp\/v2\/product\/8606","targetHints":{"allow":["GET"]}}],"collection":[{"href":"https:\/\/comexbrindes.com.br\/site\/wp-json\/wp\/v2\/product"}],"about":[{"href":"https:\/\/comexbrindes.com.br\/site\/wp-json\/wp\/v2\/types\/product"}],"version-history":[{"count":1,"href":"https:\/\/comexbrindes.com.br\/site\/wp-json\/wp\/v2\/product\/8606\/revisions"}],"predecessor-version":[{"id":8610,"href":"https:\/\/comexbrindes.com.br\/site\/wp-json\/wp\/v2\/product\/8606\/revisions\/8610"}],"wp:featuredmedia":[{"embeddable":true,"href":"https:\/\/comexbrindes.com.br\/site\/wp-json\/wp\/v2\/media\/8632"}],"wp:attachment":[{"href":"https:\/\/comexbrindes.com.br\/site\/wp-json\/wp\/v2\/media?parent=8606"}],"wp:term":[{"taxonomy":"product_cat","embeddable":true,"href":"https:\/\/comexbrindes.com.br\/site\/wp-json\/wp\/v2\/product_cat?post=8606"},{"taxonomy":"product_tag","embeddable":true,"href":"https:\/\/comexbrindes.com.br\/site\/wp-json\/wp\/v2\/product_tag?post=8606"}],"curies":[{"name":"wp","href":"https:\/\/api.w.org\/{rel}","templated":true}]}}