{"id":8597,"date":"2026-04-08T20:50:22","date_gmt":"2026-04-08T20:50:22","guid":{"rendered":"https:\/\/comexbrindes.com.br\/site\/?post_type=product&#038;p=8597"},"modified":"2026-04-09T12:23:52","modified_gmt":"2026-04-09T12:23:52","slug":"guarda-chuva-2-em-1-com-sacola-poliester-reciclado-abertura-automatica-sp-49099","status":"publish","type":"product","link":"https:\/\/comexbrindes.com.br\/site\/produto\/guarda-chuva-2-em-1-com-sacola-poliester-reciclado-abertura-automatica-sp-49099\/","title":{"rendered":"08 GUARDA-CHUVA 2 em 1 COM SACOLA &#8211; SP.49099"},"content":{"rendered":"<ul>\n<li>Guarda-chuva 2 em 1 com sacola de compras<\/li>\n<li>Em poli\u00e9ster 100% reciclado, cabo ABS 35% reciclado<\/li>\n<li>Varetas em fibra de vidro, haste, met\u00e1lica<\/li>\n<li>Dobr\u00e1vel em 3 se\u00e7\u00f5es<\/li>\n<li>Abertura autom\u00e1tica, resistente a ventos<\/li>\n<li>Sacola de compras com compartimento para guardar o guarda-chuva<\/li>\n<li><strong>Tamanho:<\/strong> 97,0 x 290,0 cm \/ sacola 42,0 x 39,0 cm<\/li>\n<li><strong>Cores<\/strong> preto e azul<\/li>\n<li><strong>Grava\u00e7\u00e3o<\/strong> tampografia 2 gomos, 1 cor. Grava\u00e7\u00e3o na sacola opcional<\/li>\n<\/ul>\n<p>&nbsp;<\/p>\n<p>&nbsp;<\/p>\n","protected":false},"excerpt":{"rendered":"<p>Guarda-chuva 2 em 1 com sacola de compras Em poli\u00e9ster 100% reciclado, cabo ABS 35% reciclado Varetas em fibra de vidro, haste, met\u00e1lica Dobr\u00e1vel em 3 se\u00e7\u00f5es Abertura autom\u00e1tica, resistente a ventos Sacola de compras com compartimento para guardar o guarda-chuva Tamanho: 97,0 x 290,0 cm \/ sacola 42,0 x 39,0 cm Cores preto e [&hellip;]<\/p>\n","protected":false},"featured_media":8599,"template":"","meta":[],"product_cat":[78],"product_tag":[],"class_list":{"0":"post-8597","1":"product","2":"type-product","3":"status-publish","4":"has-post-thumbnail","6":"product_cat-sol-e-chuva","8":"first","9":"instock","10":"shipping-taxable","11":"product-type-simple"},"_links":{"self":[{"href":"https:\/\/comexbrindes.com.br\/site\/wp-json\/wp\/v2\/product\/8597","targetHints":{"allow":["GET"]}}],"collection":[{"href":"https:\/\/comexbrindes.com.br\/site\/wp-json\/wp\/v2\/product"}],"about":[{"href":"https:\/\/comexbrindes.com.br\/site\/wp-json\/wp\/v2\/types\/product"}],"version-history":[{"count":5,"href":"https:\/\/comexbrindes.com.br\/site\/wp-json\/wp\/v2\/product\/8597\/revisions"}],"predecessor-version":[{"id":8621,"href":"https:\/\/comexbrindes.com.br\/site\/wp-json\/wp\/v2\/product\/8597\/revisions\/8621"}],"wp:featuredmedia":[{"embeddable":true,"href":"https:\/\/comexbrindes.com.br\/site\/wp-json\/wp\/v2\/media\/8599"}],"wp:attachment":[{"href":"https:\/\/comexbrindes.com.br\/site\/wp-json\/wp\/v2\/media?parent=8597"}],"wp:term":[{"taxonomy":"product_cat","embeddable":true,"href":"https:\/\/comexbrindes.com.br\/site\/wp-json\/wp\/v2\/product_cat?post=8597"},{"taxonomy":"product_tag","embeddable":true,"href":"https:\/\/comexbrindes.com.br\/site\/wp-json\/wp\/v2\/product_tag?post=8597"}],"curies":[{"name":"wp","href":"https:\/\/api.w.org\/{rel}","templated":true}]}}