{"id":8589,"date":"2026-04-08T20:31:32","date_gmt":"2026-04-08T20:31:32","guid":{"rendered":"https:\/\/comexbrindes.com.br\/site\/?post_type=product&#038;p=8589"},"modified":"2026-04-09T12:21:26","modified_gmt":"2026-04-09T12:21:26","slug":"guarda-chuva-em-poliester-100-reciclavel-abertura-automatica-sp-36199","status":"publish","type":"product","link":"https:\/\/comexbrindes.com.br\/site\/produto\/guarda-chuva-em-poliester-100-reciclavel-abertura-automatica-sp-36199\/","title":{"rendered":"06 GUARDA-CHUVA EM POLI\u00c9STER, ABERTURA AUTOM\u00c1TICA &#8211; SP.36199"},"content":{"rendered":"<ul>\n<li>Guarda-chuva em poli\u00e9ster 100% recicl\u00e1vel<\/li>\n<li>Com varetas e haste em fibra de vidro<\/li>\n<li>Abertura autom\u00e1tica e \u00e0 prova de vento resistente<\/li>\n<li>Detalhes refletivos em torno do guarda-chuva<\/li>\n<li>Acompanha bolsa individual<\/li>\n<li><strong>Tamanho:<\/strong> 120,0 x 94,0 cm \/ bolsa: \u00f8 8,7 x 75,6 cm<\/li>\n<li><strong>Cor<\/strong> preto<\/li>\n<li><strong>Grava\u00e7\u00e3o<\/strong> tampografia 2 gomos, 1 cor. Opcional 4 gomos<\/li>\n<\/ul>\n","protected":false},"excerpt":{"rendered":"<p>Guarda-chuva em poli\u00e9ster 100% recicl\u00e1vel Com varetas e haste em fibra de vidro Abertura autom\u00e1tica e \u00e0 prova de vento resistente Detalhes refletivos em torno do guarda-chuva Acompanha bolsa individual Tamanho: 120,0 x 94,0 cm \/ bolsa: \u00f8 8,7 x 75,6 cm Cor preto Grava\u00e7\u00e3o tampografia 2 gomos, 1 cor. Opcional 4 gomos<\/p>\n","protected":false},"featured_media":8590,"template":"","meta":[],"product_cat":[78],"product_tag":[],"class_list":{"0":"post-8589","1":"product","2":"type-product","3":"status-publish","4":"has-post-thumbnail","6":"product_cat-sol-e-chuva","8":"first","9":"instock","10":"shipping-taxable","11":"product-type-simple"},"_links":{"self":[{"href":"https:\/\/comexbrindes.com.br\/site\/wp-json\/wp\/v2\/product\/8589","targetHints":{"allow":["GET"]}}],"collection":[{"href":"https:\/\/comexbrindes.com.br\/site\/wp-json\/wp\/v2\/product"}],"about":[{"href":"https:\/\/comexbrindes.com.br\/site\/wp-json\/wp\/v2\/types\/product"}],"version-history":[{"count":5,"href":"https:\/\/comexbrindes.com.br\/site\/wp-json\/wp\/v2\/product\/8589\/revisions"}],"predecessor-version":[{"id":8593,"href":"https:\/\/comexbrindes.com.br\/site\/wp-json\/wp\/v2\/product\/8589\/revisions\/8593"}],"wp:featuredmedia":[{"embeddable":true,"href":"https:\/\/comexbrindes.com.br\/site\/wp-json\/wp\/v2\/media\/8590"}],"wp:attachment":[{"href":"https:\/\/comexbrindes.com.br\/site\/wp-json\/wp\/v2\/media?parent=8589"}],"wp:term":[{"taxonomy":"product_cat","embeddable":true,"href":"https:\/\/comexbrindes.com.br\/site\/wp-json\/wp\/v2\/product_cat?post=8589"},{"taxonomy":"product_tag","embeddable":true,"href":"https:\/\/comexbrindes.com.br\/site\/wp-json\/wp\/v2\/product_tag?post=8589"}],"curies":[{"name":"wp","href":"https:\/\/api.w.org\/{rel}","templated":true}]}}