{"id":8581,"date":"2026-04-08T20:07:47","date_gmt":"2026-04-08T20:07:47","guid":{"rendered":"https:\/\/comexbrindes.com.br\/site\/?post_type=product&#038;p=8581"},"modified":"2026-04-09T12:19:35","modified_gmt":"2026-04-09T12:19:35","slug":"guarda-chuva-em-poliester-100-reciclavel-abertura-automatica-sp-19099","status":"publish","type":"product","link":"https:\/\/comexbrindes.com.br\/site\/produto\/guarda-chuva-em-poliester-100-reciclavel-abertura-automatica-sp-19099\/","title":{"rendered":"05 GUARDA-CHUVA EM POLI\u00c9STER, ABERTURA AUTOM\u00c1TICA &#8211; SP.19099"},"content":{"rendered":"<ul>\n<li>Guarda-chuva em poli\u00e9ster 100% reciclado<\/li>\n<li>Hastes em fibra de vidro e cabo em ABS 35% reciclado<\/li>\n<li>Abertura autom\u00e1tica e resistente a ventos<\/li>\n<li>Bolsa individual 83,0 x 76,3 cm<\/li>\n<li><strong>Tamanho:<\/strong> 122,4 x 94 cm<\/li>\n<li><strong>Cor<\/strong> preto<\/li>\n<li><strong>Grava\u00e7\u00e3o<\/strong> tampografia 2 gomos, 1 cor. Opcional 4 gomos<\/li>\n<\/ul>\n","protected":false},"excerpt":{"rendered":"<p>Guarda-chuva em poli\u00e9ster 100% reciclado Hastes em fibra de vidro e cabo em ABS 35% reciclado Abertura autom\u00e1tica e resistente a ventos Bolsa individual 83,0 x 76,3 cm Tamanho: 122,4 x 94 cm Cor preto Grava\u00e7\u00e3o tampografia 2 gomos, 1 cor. Opcional 4 gomos<\/p>\n","protected":false},"featured_media":8582,"template":"","meta":[],"product_cat":[78],"product_tag":[],"class_list":{"0":"post-8581","1":"product","2":"type-product","3":"status-publish","4":"has-post-thumbnail","6":"product_cat-sol-e-chuva","8":"first","9":"instock","10":"shipping-taxable","11":"product-type-simple"},"_links":{"self":[{"href":"https:\/\/comexbrindes.com.br\/site\/wp-json\/wp\/v2\/product\/8581","targetHints":{"allow":["GET"]}}],"collection":[{"href":"https:\/\/comexbrindes.com.br\/site\/wp-json\/wp\/v2\/product"}],"about":[{"href":"https:\/\/comexbrindes.com.br\/site\/wp-json\/wp\/v2\/types\/product"}],"version-history":[{"count":6,"href":"https:\/\/comexbrindes.com.br\/site\/wp-json\/wp\/v2\/product\/8581\/revisions"}],"predecessor-version":[{"id":8619,"href":"https:\/\/comexbrindes.com.br\/site\/wp-json\/wp\/v2\/product\/8581\/revisions\/8619"}],"wp:featuredmedia":[{"embeddable":true,"href":"https:\/\/comexbrindes.com.br\/site\/wp-json\/wp\/v2\/media\/8582"}],"wp:attachment":[{"href":"https:\/\/comexbrindes.com.br\/site\/wp-json\/wp\/v2\/media?parent=8581"}],"wp:term":[{"taxonomy":"product_cat","embeddable":true,"href":"https:\/\/comexbrindes.com.br\/site\/wp-json\/wp\/v2\/product_cat?post=8581"},{"taxonomy":"product_tag","embeddable":true,"href":"https:\/\/comexbrindes.com.br\/site\/wp-json\/wp\/v2\/product_tag?post=8581"}],"curies":[{"name":"wp","href":"https:\/\/api.w.org\/{rel}","templated":true}]}}