{"id":8572,"date":"2026-03-27T17:39:26","date_gmt":"2026-03-27T17:39:26","guid":{"rendered":"https:\/\/comexbrindes.com.br\/site\/?post_type=product&#038;p=8572"},"modified":"2026-03-27T17:42:29","modified_gmt":"2026-03-27T17:42:29","slug":"garrafa-termica-inox-950-ml-parede-dupla-a-vacuo-tampa-rosqueavel-pintura-a-po-as-001-tg","status":"publish","type":"product","link":"https:\/\/comexbrindes.com.br\/site\/produto\/garrafa-termica-inox-950-ml-parede-dupla-a-vacuo-tampa-rosqueavel-pintura-a-po-as-001-tg\/","title":{"rendered":"07 GARRAFA T\u00c9RMICA INOX, 950 ML, PAREDE DUPLA A V\u00c1CUO, TAMPA ROSQUE\u00c1VEL, PINTURA A P\u00d3 &#8211; AS.001.TG"},"content":{"rendered":"<ul>\n<li>Garrafa t\u00e9rmica inox, 950 ml<\/li>\n<li>Isolamento a v\u00e1cuo<\/li>\n<li>Tampa pl\u00e1stica rosque\u00e1vel, anel de silicone<\/li>\n<li>Parede externa com pintura a p\u00f3<\/li>\n<li>Al\u00e7a pl\u00e1stica<\/li>\n<li>Sistema corta-pingo<\/li>\n<li>Caixa com 15 un<\/li>\n<li><strong>Tamanho:<\/strong> 21,5 x 10,5 cm<\/li>\n<li><strong>Cores:<\/strong> roxo, verde, branco e preto<\/li>\n<li><strong>Grava\u00e7\u00e3o<\/strong> tampografia 1 cor, 1 lado<\/li>\n<\/ul>\n<p>&nbsp;<\/p>\n<p>&nbsp;<\/p>\n<p>&nbsp;<\/p>\n","protected":false},"excerpt":{"rendered":"<p>Garrafa t\u00e9rmica inox, 950 ml Isolamento a v\u00e1cuo Tampa pl\u00e1stica rosque\u00e1vel, anel de silicone Parede externa com pintura a p\u00f3 Al\u00e7a pl\u00e1stica Sistema corta-pingo Caixa com 15 un Tamanho: 21,5 x 10,5 cm Cores: roxo, verde, branco e preto Grava\u00e7\u00e3o tampografia 1 cor, 1 lado &nbsp; &nbsp; &nbsp;<\/p>\n","protected":false},"featured_media":8574,"template":"","meta":[],"product_cat":[65,77],"product_tag":[],"class_list":{"0":"post-8572","1":"product","2":"type-product","3":"status-publish","4":"has-post-thumbnail","6":"product_cat-garrafas-termicas","7":"product_cat-squeezes-garrafas","9":"first","10":"instock","11":"shipping-taxable","12":"product-type-simple"},"_links":{"self":[{"href":"https:\/\/comexbrindes.com.br\/site\/wp-json\/wp\/v2\/product\/8572","targetHints":{"allow":["GET"]}}],"collection":[{"href":"https:\/\/comexbrindes.com.br\/site\/wp-json\/wp\/v2\/product"}],"about":[{"href":"https:\/\/comexbrindes.com.br\/site\/wp-json\/wp\/v2\/types\/product"}],"version-history":[{"count":2,"href":"https:\/\/comexbrindes.com.br\/site\/wp-json\/wp\/v2\/product\/8572\/revisions"}],"predecessor-version":[{"id":8577,"href":"https:\/\/comexbrindes.com.br\/site\/wp-json\/wp\/v2\/product\/8572\/revisions\/8577"}],"wp:featuredmedia":[{"embeddable":true,"href":"https:\/\/comexbrindes.com.br\/site\/wp-json\/wp\/v2\/media\/8574"}],"wp:attachment":[{"href":"https:\/\/comexbrindes.com.br\/site\/wp-json\/wp\/v2\/media?parent=8572"}],"wp:term":[{"taxonomy":"product_cat","embeddable":true,"href":"https:\/\/comexbrindes.com.br\/site\/wp-json\/wp\/v2\/product_cat?post=8572"},{"taxonomy":"product_tag","embeddable":true,"href":"https:\/\/comexbrindes.com.br\/site\/wp-json\/wp\/v2\/product_tag?post=8572"}],"curies":[{"name":"wp","href":"https:\/\/api.w.org\/{rel}","templated":true}]}}