{"id":8565,"date":"2026-03-02T20:31:56","date_gmt":"2026-03-02T20:31:56","guid":{"rendered":"https:\/\/comexbrindes.com.br\/site\/?post_type=product&#038;p=8565"},"modified":"2026-03-02T20:32:16","modified_gmt":"2026-03-02T20:32:16","slug":"bolsa-executiva-30l-sp-61529","status":"publish","type":"product","link":"https:\/\/comexbrindes.com.br\/site\/produto\/bolsa-executiva-30l-sp-61529\/","title":{"rendered":"01 BOLSA EXECUTIVA, 30L &#8211; SP.61529"},"content":{"rendered":"<ul>\n<li>Bolsa executiva, 30L<\/li>\n<li>840D jacquard e 300D<\/li>\n<li>Interior forrado<\/li>\n<li>Bolsos frontais<\/li>\n<li>Fundo placa semi-r\u00edgida<\/li>\n<li>Al\u00e7a de m\u00e3o e transversal<\/li>\n<li><strong>Tamanho:<\/strong> 52 x 30 x 22 cm<\/li>\n<li><strong>Cor<\/strong> preto<\/li>\n<li><strong>Grava\u00e7\u00e3o<\/strong> tampografia 1 cor, 1 lado<\/li>\n<\/ul>\n","protected":false},"excerpt":{"rendered":"<p>Bolsa executiva, 30L 840D jacquard e 300D Interior forrado Bolsos frontais Fundo placa semi-r\u00edgida Al\u00e7a de m\u00e3o e transversal Tamanho: 52 x 30 x 22 cm Cor preto Grava\u00e7\u00e3o tampografia 1 cor, 1 lado<\/p>\n","protected":false},"featured_media":8566,"template":"","meta":[],"product_cat":[96],"product_tag":[],"class_list":{"0":"post-8565","1":"product","2":"type-product","3":"status-publish","4":"has-post-thumbnail","6":"product_cat-bolsas-de-viagem","8":"first","9":"instock","10":"shipping-taxable","11":"product-type-simple"},"_links":{"self":[{"href":"https:\/\/comexbrindes.com.br\/site\/wp-json\/wp\/v2\/product\/8565","targetHints":{"allow":["GET"]}}],"collection":[{"href":"https:\/\/comexbrindes.com.br\/site\/wp-json\/wp\/v2\/product"}],"about":[{"href":"https:\/\/comexbrindes.com.br\/site\/wp-json\/wp\/v2\/types\/product"}],"version-history":[{"count":2,"href":"https:\/\/comexbrindes.com.br\/site\/wp-json\/wp\/v2\/product\/8565\/revisions"}],"predecessor-version":[{"id":8569,"href":"https:\/\/comexbrindes.com.br\/site\/wp-json\/wp\/v2\/product\/8565\/revisions\/8569"}],"wp:featuredmedia":[{"embeddable":true,"href":"https:\/\/comexbrindes.com.br\/site\/wp-json\/wp\/v2\/media\/8566"}],"wp:attachment":[{"href":"https:\/\/comexbrindes.com.br\/site\/wp-json\/wp\/v2\/media?parent=8565"}],"wp:term":[{"taxonomy":"product_cat","embeddable":true,"href":"https:\/\/comexbrindes.com.br\/site\/wp-json\/wp\/v2\/product_cat?post=8565"},{"taxonomy":"product_tag","embeddable":true,"href":"https:\/\/comexbrindes.com.br\/site\/wp-json\/wp\/v2\/product_tag?post=8565"}],"curies":[{"name":"wp","href":"https:\/\/api.w.org\/{rel}","templated":true}]}}