{"id":8559,"date":"2026-03-02T20:04:36","date_gmt":"2026-03-02T20:04:36","guid":{"rendered":"https:\/\/comexbrindes.com.br\/site\/?post_type=product&#038;p=8559"},"modified":"2026-03-02T20:04:36","modified_gmt":"2026-03-02T20:04:36","slug":"06-bolsa-de-viagem-35l-sp-71529","status":"publish","type":"product","link":"https:\/\/comexbrindes.com.br\/site\/produto\/06-bolsa-de-viagem-35l-sp-71529\/","title":{"rendered":"06 BOLSA DE VIAGEM, 35L &#8211; SP.71529"},"content":{"rendered":"<ul>\n<li>Bolsa de viagem, 35L<\/li>\n<li>Poli\u00e9ster 330D e 1680D com fundo em placa semi-r\u00edgida<\/li>\n<li>Bolso frontal com z\u00edper e outro lateral em tela<\/li>\n<li>Al\u00e7a de m\u00e3o e transversal<\/li>\n<li><strong>Tamanho:<\/strong> 57 x 33 x 30 cm<\/li>\n<li><strong>Cores<\/strong> preta com detalhe laranja, azul ou cinza<\/li>\n<li><strong>Grava\u00e7\u00e3o<\/strong> tampografia 1 cor, 1 lado<\/li>\n<\/ul>\n","protected":false},"excerpt":{"rendered":"<p>Bolsa de viagem, 35L Poli\u00e9ster 330D e 1680D com fundo em placa semi-r\u00edgida Bolso frontal com z\u00edper e outro lateral em tela Al\u00e7a de m\u00e3o e transversal Tamanho: 57 x 33 x 30 cm Cores preta com detalhe laranja, azul ou cinza Grava\u00e7\u00e3o tampografia 1 cor, 1 lado<\/p>\n","protected":false},"featured_media":8560,"template":"","meta":[],"product_cat":[96],"product_tag":[],"class_list":{"0":"post-8559","1":"product","2":"type-product","3":"status-publish","4":"has-post-thumbnail","6":"product_cat-bolsas-de-viagem","8":"first","9":"instock","10":"shipping-taxable","11":"product-type-simple"},"_links":{"self":[{"href":"https:\/\/comexbrindes.com.br\/site\/wp-json\/wp\/v2\/product\/8559","targetHints":{"allow":["GET"]}}],"collection":[{"href":"https:\/\/comexbrindes.com.br\/site\/wp-json\/wp\/v2\/product"}],"about":[{"href":"https:\/\/comexbrindes.com.br\/site\/wp-json\/wp\/v2\/types\/product"}],"version-history":[{"count":1,"href":"https:\/\/comexbrindes.com.br\/site\/wp-json\/wp\/v2\/product\/8559\/revisions"}],"predecessor-version":[{"id":8563,"href":"https:\/\/comexbrindes.com.br\/site\/wp-json\/wp\/v2\/product\/8559\/revisions\/8563"}],"wp:featuredmedia":[{"embeddable":true,"href":"https:\/\/comexbrindes.com.br\/site\/wp-json\/wp\/v2\/media\/8560"}],"wp:attachment":[{"href":"https:\/\/comexbrindes.com.br\/site\/wp-json\/wp\/v2\/media?parent=8559"}],"wp:term":[{"taxonomy":"product_cat","embeddable":true,"href":"https:\/\/comexbrindes.com.br\/site\/wp-json\/wp\/v2\/product_cat?post=8559"},{"taxonomy":"product_tag","embeddable":true,"href":"https:\/\/comexbrindes.com.br\/site\/wp-json\/wp\/v2\/product_tag?post=8559"}],"curies":[{"name":"wp","href":"https:\/\/api.w.org\/{rel}","templated":true}]}}