{"id":8548,"date":"2026-03-02T19:24:40","date_gmt":"2026-03-02T19:24:40","guid":{"rendered":"https:\/\/comexbrindes.com.br\/site\/?post_type=product&#038;p=8548"},"modified":"2026-03-02T19:33:36","modified_gmt":"2026-03-02T19:33:36","slug":"bx-58040-bolsa-de-viagem-36l","status":"publish","type":"product","link":"https:\/\/comexbrindes.com.br\/site\/produto\/bx-58040-bolsa-de-viagem-36l\/","title":{"rendered":"02 BOLSA DE VIAGEM, 36L &#8211; BX.58040"},"content":{"rendered":"<ul>\n<li>Bolsa de viagem, 36L<\/li>\n<li>Poli\u00e9ster resistente \u00e0 \u00e1gua<\/li>\n<li>5 compartimentos, 2 deles exclusivos para t\u00eanis e itens molhados<\/li>\n<li>Al\u00e7a de m\u00e3o e transversal<\/li>\n<li><strong>Tamanho:<\/strong> 47 x 28 x 24 cm<\/li>\n<li><strong>Cores:<\/strong> preto, verde, azul, rosa<\/li>\n<li><strong>Grava\u00e7\u00e3o<\/strong> tampografia 1 cor, 1 lado<\/li>\n<\/ul>\n","protected":false},"excerpt":{"rendered":"<p>Bolsa de viagem, 36L Poli\u00e9ster resistente \u00e0 \u00e1gua 5 compartimentos, 2 deles exclusivos para t\u00eanis e itens molhados Al\u00e7a de m\u00e3o e transversal Tamanho: 47 x 28 x 24 cm Cores: preto, verde, azul, rosa Grava\u00e7\u00e3o tampografia 1 cor, 1 lado<\/p>\n","protected":false},"featured_media":8550,"template":"","meta":[],"product_cat":[96],"product_tag":[],"class_list":{"0":"post-8548","1":"product","2":"type-product","3":"status-publish","4":"has-post-thumbnail","6":"product_cat-bolsas-de-viagem","8":"first","9":"instock","10":"shipping-taxable","11":"product-type-simple"},"_links":{"self":[{"href":"https:\/\/comexbrindes.com.br\/site\/wp-json\/wp\/v2\/product\/8548","targetHints":{"allow":["GET"]}}],"collection":[{"href":"https:\/\/comexbrindes.com.br\/site\/wp-json\/wp\/v2\/product"}],"about":[{"href":"https:\/\/comexbrindes.com.br\/site\/wp-json\/wp\/v2\/types\/product"}],"version-history":[{"count":3,"href":"https:\/\/comexbrindes.com.br\/site\/wp-json\/wp\/v2\/product\/8548\/revisions"}],"predecessor-version":[{"id":8555,"href":"https:\/\/comexbrindes.com.br\/site\/wp-json\/wp\/v2\/product\/8548\/revisions\/8555"}],"wp:featuredmedia":[{"embeddable":true,"href":"https:\/\/comexbrindes.com.br\/site\/wp-json\/wp\/v2\/media\/8550"}],"wp:attachment":[{"href":"https:\/\/comexbrindes.com.br\/site\/wp-json\/wp\/v2\/media?parent=8548"}],"wp:term":[{"taxonomy":"product_cat","embeddable":true,"href":"https:\/\/comexbrindes.com.br\/site\/wp-json\/wp\/v2\/product_cat?post=8548"},{"taxonomy":"product_tag","embeddable":true,"href":"https:\/\/comexbrindes.com.br\/site\/wp-json\/wp\/v2\/product_tag?post=8548"}],"curies":[{"name":"wp","href":"https:\/\/api.w.org\/{rel}","templated":true}]}}