{"id":8543,"date":"2026-03-02T18:27:03","date_gmt":"2026-03-02T18:27:03","guid":{"rendered":"https:\/\/comexbrindes.com.br\/site\/?post_type=product&#038;p=8543"},"modified":"2026-03-02T18:32:31","modified_gmt":"2026-03-02T18:32:31","slug":"bolsa-de-viagem-46l-bx-78070","status":"publish","type":"product","link":"https:\/\/comexbrindes.com.br\/site\/produto\/bolsa-de-viagem-46l-bx-78070\/","title":{"rendered":"BOLSA DE VIAGEM, 46L &#8211; BX.78070"},"content":{"rendered":"<ul>\n<li>Bolsa de viagem, 46L<\/li>\n<li>Nylon resistente a \u00e1gua<\/li>\n<li>Z\u00edper frontal, bolsos laterais<\/li>\n<li>Al\u00e7a de m\u00e3o e transversal<\/li>\n<li>Tamanho: 53 x 30 x 30 cm<\/li>\n<li>Cores azul com preto, cinza com preto<\/li>\n<li>Grava\u00e7\u00e3o tampografia 1 cor, 1 lado<\/li>\n<\/ul>\n","protected":false},"excerpt":{"rendered":"<p>Bolsa de viagem, 46L Nylon resistente a \u00e1gua Z\u00edper frontal, bolsos laterais Al\u00e7a de m\u00e3o e transversal Tamanho: 53 x 30 x 30 cm Cores azul com preto, cinza com preto Grava\u00e7\u00e3o tampografia 1 cor, 1 lado<\/p>\n","protected":false},"featured_media":8544,"template":"","meta":[],"product_cat":[96],"product_tag":[],"class_list":{"0":"post-8543","1":"product","2":"type-product","3":"status-publish","4":"has-post-thumbnail","6":"product_cat-bolsas-de-viagem","8":"first","9":"instock","10":"shipping-taxable","11":"product-type-simple"},"_links":{"self":[{"href":"https:\/\/comexbrindes.com.br\/site\/wp-json\/wp\/v2\/product\/8543","targetHints":{"allow":["GET"]}}],"collection":[{"href":"https:\/\/comexbrindes.com.br\/site\/wp-json\/wp\/v2\/product"}],"about":[{"href":"https:\/\/comexbrindes.com.br\/site\/wp-json\/wp\/v2\/types\/product"}],"version-history":[{"count":2,"href":"https:\/\/comexbrindes.com.br\/site\/wp-json\/wp\/v2\/product\/8543\/revisions"}],"predecessor-version":[{"id":8547,"href":"https:\/\/comexbrindes.com.br\/site\/wp-json\/wp\/v2\/product\/8543\/revisions\/8547"}],"wp:featuredmedia":[{"embeddable":true,"href":"https:\/\/comexbrindes.com.br\/site\/wp-json\/wp\/v2\/media\/8544"}],"wp:attachment":[{"href":"https:\/\/comexbrindes.com.br\/site\/wp-json\/wp\/v2\/media?parent=8543"}],"wp:term":[{"taxonomy":"product_cat","embeddable":true,"href":"https:\/\/comexbrindes.com.br\/site\/wp-json\/wp\/v2\/product_cat?post=8543"},{"taxonomy":"product_tag","embeddable":true,"href":"https:\/\/comexbrindes.com.br\/site\/wp-json\/wp\/v2\/product_tag?post=8543"}],"curies":[{"name":"wp","href":"https:\/\/api.w.org\/{rel}","templated":true}]}}