{"id":8539,"date":"2026-03-02T18:09:13","date_gmt":"2026-03-02T18:09:13","guid":{"rendered":"https:\/\/comexbrindes.com.br\/site\/?post_type=product&#038;p=8539"},"modified":"2026-03-02T19:40:23","modified_gmt":"2026-03-02T19:40:23","slug":"bolsa-mochila-de-viagem-50l-as-055-em","status":"publish","type":"product","link":"https:\/\/comexbrindes.com.br\/site\/produto\/bolsa-mochila-de-viagem-50l-as-055-em\/","title":{"rendered":"04 BOLSA &#8211; MOCHILA DE VIAGEM, 50L &#8211; AS.055.EM"},"content":{"rendered":"<ul>\n<li>Bolsa \/ mochila de viagem, 50L<\/li>\n<li>Poli\u00e9ster 330D mescla<\/li>\n<li>Compartimento interno<\/li>\n<li>Al\u00e7a de m\u00e3o, transversal e acolchoados de ombro<\/li>\n<li>Bolso externo com z\u00edper<\/li>\n<li><strong>Tamanho:<\/strong> 57 x 35 x 25 cm<\/li>\n<li><strong>Cor<\/strong> cinza com detalhe preto<\/li>\n<li><strong>Grava\u00e7\u00e3o<\/strong> tampografia 1 cor, 1 lado<\/li>\n<\/ul>\n","protected":false},"excerpt":{"rendered":"<p>Bolsa \/ mochila de viagem, 50L Poli\u00e9ster 330D mescla Compartimento interno Al\u00e7a de m\u00e3o, transversal e acolchoados de ombro Bolso externo com z\u00edper Tamanho: 57 x 35 x 25 cm Cor cinza com detalhe preto Grava\u00e7\u00e3o tampografia 1 cor, 1 lado<\/p>\n","protected":false},"featured_media":8540,"template":"","meta":[],"product_cat":[96],"product_tag":[],"class_list":{"0":"post-8539","1":"product","2":"type-product","3":"status-publish","4":"has-post-thumbnail","6":"product_cat-bolsas-de-viagem","8":"first","9":"instock","10":"shipping-taxable","11":"product-type-simple"},"_links":{"self":[{"href":"https:\/\/comexbrindes.com.br\/site\/wp-json\/wp\/v2\/product\/8539","targetHints":{"allow":["GET"]}}],"collection":[{"href":"https:\/\/comexbrindes.com.br\/site\/wp-json\/wp\/v2\/product"}],"about":[{"href":"https:\/\/comexbrindes.com.br\/site\/wp-json\/wp\/v2\/types\/product"}],"version-history":[{"count":2,"href":"https:\/\/comexbrindes.com.br\/site\/wp-json\/wp\/v2\/product\/8539\/revisions"}],"predecessor-version":[{"id":8557,"href":"https:\/\/comexbrindes.com.br\/site\/wp-json\/wp\/v2\/product\/8539\/revisions\/8557"}],"wp:featuredmedia":[{"embeddable":true,"href":"https:\/\/comexbrindes.com.br\/site\/wp-json\/wp\/v2\/media\/8540"}],"wp:attachment":[{"href":"https:\/\/comexbrindes.com.br\/site\/wp-json\/wp\/v2\/media?parent=8539"}],"wp:term":[{"taxonomy":"product_cat","embeddable":true,"href":"https:\/\/comexbrindes.com.br\/site\/wp-json\/wp\/v2\/product_cat?post=8539"},{"taxonomy":"product_tag","embeddable":true,"href":"https:\/\/comexbrindes.com.br\/site\/wp-json\/wp\/v2\/product_tag?post=8539"}],"curies":[{"name":"wp","href":"https:\/\/api.w.org\/{rel}","templated":true}]}}