{"id":8534,"date":"2026-03-02T17:42:02","date_gmt":"2026-03-02T17:42:02","guid":{"rendered":"https:\/\/comexbrindes.com.br\/site\/?post_type=product&#038;p=8534"},"modified":"2026-03-02T19:41:24","modified_gmt":"2026-03-02T19:41:24","slug":"bolsa-de-viagem-32l-as-60-881-em","status":"publish","type":"product","link":"https:\/\/comexbrindes.com.br\/site\/produto\/bolsa-de-viagem-32l-as-60-881-em\/","title":{"rendered":"05 BOLSA DE VIAGEM, 32L &#8211; AS.60-881.EM"},"content":{"rendered":"<ul>\n<li>Bolsa de viagem, 32L<\/li>\n<li>Poli\u00e9ster<\/li>\n<li>Z\u00edper frontal e bolsos laterais<\/li>\n<li>Al\u00e7a de m\u00e3o e ombro<\/li>\n<li><strong>Tamanho:<\/strong> 48,5 x 28 x 24 cm<\/li>\n<li><strong>Cor<\/strong> cinza com detalhe preto<\/li>\n<li><strong>Grava\u00e7\u00e3o<\/strong> tampografia 1 cor, 1 lado<\/li>\n<\/ul>\n","protected":false},"excerpt":{"rendered":"<p>Bolsa de viagem, 32L Poli\u00e9ster Z\u00edper frontal e bolsos laterais Al\u00e7a de m\u00e3o e ombro Tamanho: 48,5 x 28 x 24 cm Cor cinza com detalhe preto Grava\u00e7\u00e3o tampografia 1 cor, 1 lado<\/p>\n","protected":false},"featured_media":8535,"template":"","meta":[],"product_cat":[96],"product_tag":[],"class_list":{"0":"post-8534","1":"product","2":"type-product","3":"status-publish","4":"has-post-thumbnail","6":"product_cat-bolsas-de-viagem","8":"first","9":"instock","10":"shipping-taxable","11":"product-type-simple"},"_links":{"self":[{"href":"https:\/\/comexbrindes.com.br\/site\/wp-json\/wp\/v2\/product\/8534","targetHints":{"allow":["GET"]}}],"collection":[{"href":"https:\/\/comexbrindes.com.br\/site\/wp-json\/wp\/v2\/product"}],"about":[{"href":"https:\/\/comexbrindes.com.br\/site\/wp-json\/wp\/v2\/types\/product"}],"version-history":[{"count":2,"href":"https:\/\/comexbrindes.com.br\/site\/wp-json\/wp\/v2\/product\/8534\/revisions"}],"predecessor-version":[{"id":8558,"href":"https:\/\/comexbrindes.com.br\/site\/wp-json\/wp\/v2\/product\/8534\/revisions\/8558"}],"wp:featuredmedia":[{"embeddable":true,"href":"https:\/\/comexbrindes.com.br\/site\/wp-json\/wp\/v2\/media\/8535"}],"wp:attachment":[{"href":"https:\/\/comexbrindes.com.br\/site\/wp-json\/wp\/v2\/media?parent=8534"}],"wp:term":[{"taxonomy":"product_cat","embeddable":true,"href":"https:\/\/comexbrindes.com.br\/site\/wp-json\/wp\/v2\/product_cat?post=8534"},{"taxonomy":"product_tag","embeddable":true,"href":"https:\/\/comexbrindes.com.br\/site\/wp-json\/wp\/v2\/product_tag?post=8534"}],"curies":[{"name":"wp","href":"https:\/\/api.w.org\/{rel}","templated":true}]}}