{"id":8528,"date":"2026-03-02T17:03:12","date_gmt":"2026-03-02T17:03:12","guid":{"rendered":"https:\/\/comexbrindes.com.br\/site\/?post_type=product&#038;p=8528"},"modified":"2026-03-02T19:35:15","modified_gmt":"2026-03-02T19:35:15","slug":"bolsa-de-viagem-34l-as-045-em","status":"publish","type":"product","link":"https:\/\/comexbrindes.com.br\/site\/produto\/bolsa-de-viagem-34l-as-045-em\/","title":{"rendered":"03 BOLSA DE VIAGEM, 34L &#8211; AS.045.EM"},"content":{"rendered":"<ul>\n<li>Bolsa de viagem, 34L<\/li>\n<li>Poli\u00e9ster<\/li>\n<li>Z\u00edper frontal e bolsos laterais<\/li>\n<li>Al\u00e7a de m\u00e3o e ombro<\/li>\n<li><strong>Tamanho:<\/strong> 48,5 x 28 x 24 cm<\/li>\n<li><strong>Cores:<\/strong> preto e cinza com detalhe preto<\/li>\n<li><strong>Grava\u00e7\u00e3o<\/strong> tampografia 1 cor, 1 lado.<\/li>\n<\/ul>\n","protected":false},"excerpt":{"rendered":"<p>Bolsa de viagem, 34L Poli\u00e9ster Z\u00edper frontal e bolsos laterais Al\u00e7a de m\u00e3o e ombro Tamanho: 48,5 x 28 x 24 cm Cores: preto e cinza com detalhe preto Grava\u00e7\u00e3o tampografia 1 cor, 1 lado.<\/p>\n","protected":false},"featured_media":8529,"template":"","meta":[],"product_cat":[96],"product_tag":[],"class_list":{"0":"post-8528","1":"product","2":"type-product","3":"status-publish","4":"has-post-thumbnail","6":"product_cat-bolsas-de-viagem","8":"first","9":"instock","10":"shipping-taxable","11":"product-type-simple"},"_links":{"self":[{"href":"https:\/\/comexbrindes.com.br\/site\/wp-json\/wp\/v2\/product\/8528","targetHints":{"allow":["GET"]}}],"collection":[{"href":"https:\/\/comexbrindes.com.br\/site\/wp-json\/wp\/v2\/product"}],"about":[{"href":"https:\/\/comexbrindes.com.br\/site\/wp-json\/wp\/v2\/types\/product"}],"version-history":[{"count":2,"href":"https:\/\/comexbrindes.com.br\/site\/wp-json\/wp\/v2\/product\/8528\/revisions"}],"predecessor-version":[{"id":8556,"href":"https:\/\/comexbrindes.com.br\/site\/wp-json\/wp\/v2\/product\/8528\/revisions\/8556"}],"wp:featuredmedia":[{"embeddable":true,"href":"https:\/\/comexbrindes.com.br\/site\/wp-json\/wp\/v2\/media\/8529"}],"wp:attachment":[{"href":"https:\/\/comexbrindes.com.br\/site\/wp-json\/wp\/v2\/media?parent=8528"}],"wp:term":[{"taxonomy":"product_cat","embeddable":true,"href":"https:\/\/comexbrindes.com.br\/site\/wp-json\/wp\/v2\/product_cat?post=8528"},{"taxonomy":"product_tag","embeddable":true,"href":"https:\/\/comexbrindes.com.br\/site\/wp-json\/wp\/v2\/product_tag?post=8528"}],"curies":[{"name":"wp","href":"https:\/\/api.w.org\/{rel}","templated":true}]}}