{"id":8524,"date":"2026-03-02T16:43:08","date_gmt":"2026-03-02T16:43:08","guid":{"rendered":"https:\/\/comexbrindes.com.br\/site\/?post_type=product&#038;p=8524"},"modified":"2026-03-02T16:43:08","modified_gmt":"2026-03-02T16:43:08","slug":"bolsa-de-viagem-e-esportiva-31l-as-025-em","status":"publish","type":"product","link":"https:\/\/comexbrindes.com.br\/site\/produto\/bolsa-de-viagem-e-esportiva-31l-as-025-em\/","title":{"rendered":"BOLSA DE VIAGEM E ESPORTIVA, 31L &#8211; AS.025.EM"},"content":{"rendered":"<ul>\n<li>Bolsa de viagem e esportiva, 31L<\/li>\n<li>Em poli\u00e9ster<\/li>\n<li>Z\u00edper frontal e bolsos laterais<\/li>\n<li>Al\u00e7a de m\u00e3o e ombro<\/li>\n<li><strong>Tamanho:<\/strong> 50 x 28 x 22 cm<\/li>\n<li><strong>Cor<\/strong> preto<\/li>\n<li><strong>Grava\u00e7\u00e3o<\/strong> tampografia 1 cor, 1 lado<\/li>\n<\/ul>\n","protected":false},"excerpt":{"rendered":"<p>Bolsa de viagem e esportiva, 31L Em poli\u00e9ster Z\u00edper frontal e bolsos laterais Al\u00e7a de m\u00e3o e ombro Tamanho: 50 x 28 x 22 cm Cor preto Grava\u00e7\u00e3o tampografia 1 cor, 1 lado<\/p>\n","protected":false},"featured_media":8525,"template":"","meta":[],"product_cat":[96],"product_tag":[],"class_list":{"0":"post-8524","1":"product","2":"type-product","3":"status-publish","4":"has-post-thumbnail","6":"product_cat-bolsas-de-viagem","8":"first","9":"instock","10":"shipping-taxable","11":"product-type-simple"},"_links":{"self":[{"href":"https:\/\/comexbrindes.com.br\/site\/wp-json\/wp\/v2\/product\/8524","targetHints":{"allow":["GET"]}}],"collection":[{"href":"https:\/\/comexbrindes.com.br\/site\/wp-json\/wp\/v2\/product"}],"about":[{"href":"https:\/\/comexbrindes.com.br\/site\/wp-json\/wp\/v2\/types\/product"}],"version-history":[{"count":1,"href":"https:\/\/comexbrindes.com.br\/site\/wp-json\/wp\/v2\/product\/8524\/revisions"}],"predecessor-version":[{"id":8527,"href":"https:\/\/comexbrindes.com.br\/site\/wp-json\/wp\/v2\/product\/8524\/revisions\/8527"}],"wp:featuredmedia":[{"embeddable":true,"href":"https:\/\/comexbrindes.com.br\/site\/wp-json\/wp\/v2\/media\/8525"}],"wp:attachment":[{"href":"https:\/\/comexbrindes.com.br\/site\/wp-json\/wp\/v2\/media?parent=8524"}],"wp:term":[{"taxonomy":"product_cat","embeddable":true,"href":"https:\/\/comexbrindes.com.br\/site\/wp-json\/wp\/v2\/product_cat?post=8524"},{"taxonomy":"product_tag","embeddable":true,"href":"https:\/\/comexbrindes.com.br\/site\/wp-json\/wp\/v2\/product_tag?post=8524"}],"curies":[{"name":"wp","href":"https:\/\/api.w.org\/{rel}","templated":true}]}}