{"id":8520,"date":"2026-03-02T15:08:50","date_gmt":"2026-03-02T15:08:50","guid":{"rendered":"https:\/\/comexbrindes.com.br\/site\/?post_type=product&#038;p=8520"},"modified":"2026-03-02T15:09:23","modified_gmt":"2026-03-02T15:09:23","slug":"bolsa-de-viagem-e-esportiva-as-015-em","status":"publish","type":"product","link":"https:\/\/comexbrindes.com.br\/site\/produto\/bolsa-de-viagem-e-esportiva-as-015-em\/","title":{"rendered":"BOLSA DE VIAGEM E ESPORTIVA &#8211; AS.015.EM"},"content":{"rendered":"<ul>\n<li>Bolsa de viagem e esportiva<\/li>\n<li>Poli\u00e9ster, z\u00edper frontal e bolsos laterais<\/li>\n<li>Al\u00e7a de m\u00e3o e ombro<\/li>\n<li><strong>Tamanho:<\/strong> 48,5 x 28 x 24 cm<\/li>\n<li><strong>Cor<\/strong> cinza com detalhe preto<\/li>\n<li><strong>Grava\u00e7\u00e3o<\/strong> tampografia 1 cor, 1 lado.<\/li>\n<\/ul>\n","protected":false},"excerpt":{"rendered":"<p>Bolsa de viagem e esportiva Poli\u00e9ster, z\u00edper frontal e bolsos laterais Al\u00e7a de m\u00e3o e ombro Tamanho: 48,5 x 28 x 24 cm Cor cinza com detalhe preto Grava\u00e7\u00e3o tampografia 1 cor, 1 lado.<\/p>\n","protected":false},"featured_media":8521,"template":"","meta":[],"product_cat":[96],"product_tag":[],"class_list":{"0":"post-8520","1":"product","2":"type-product","3":"status-publish","4":"has-post-thumbnail","6":"product_cat-bolsas-de-viagem","8":"first","9":"instock","10":"shipping-taxable","11":"product-type-simple"},"_links":{"self":[{"href":"https:\/\/comexbrindes.com.br\/site\/wp-json\/wp\/v2\/product\/8520","targetHints":{"allow":["GET"]}}],"collection":[{"href":"https:\/\/comexbrindes.com.br\/site\/wp-json\/wp\/v2\/product"}],"about":[{"href":"https:\/\/comexbrindes.com.br\/site\/wp-json\/wp\/v2\/types\/product"}],"version-history":[{"count":1,"href":"https:\/\/comexbrindes.com.br\/site\/wp-json\/wp\/v2\/product\/8520\/revisions"}],"predecessor-version":[{"id":8523,"href":"https:\/\/comexbrindes.com.br\/site\/wp-json\/wp\/v2\/product\/8520\/revisions\/8523"}],"wp:featuredmedia":[{"embeddable":true,"href":"https:\/\/comexbrindes.com.br\/site\/wp-json\/wp\/v2\/media\/8521"}],"wp:attachment":[{"href":"https:\/\/comexbrindes.com.br\/site\/wp-json\/wp\/v2\/media?parent=8520"}],"wp:term":[{"taxonomy":"product_cat","embeddable":true,"href":"https:\/\/comexbrindes.com.br\/site\/wp-json\/wp\/v2\/product_cat?post=8520"},{"taxonomy":"product_tag","embeddable":true,"href":"https:\/\/comexbrindes.com.br\/site\/wp-json\/wp\/v2\/product_tag?post=8520"}],"curies":[{"name":"wp","href":"https:\/\/api.w.org\/{rel}","templated":true}]}}