{"id":8502,"date":"2026-02-24T18:43:54","date_gmt":"2026-02-24T18:43:54","guid":{"rendered":"https:\/\/comexbrindes.com.br\/site\/?post_type=product&#038;p=8502"},"modified":"2026-03-02T14:23:51","modified_gmt":"2026-03-02T14:23:51","slug":"caneca-chopp-350-ml-vidro-gravacao-em-resina-pu-cores-ig-32561","status":"publish","type":"product","link":"https:\/\/comexbrindes.com.br\/site\/produto\/caneca-chopp-350-ml-vidro-gravacao-em-resina-pu-cores-ig-32561\/","title":{"rendered":"08 CANECA CHOPP, 350 ML, VIDRO, GRAVA\u00c7\u00c3O EM RESINA PU CORES &#8211; IG.32561"},"content":{"rendered":"<ul>\n<li>Caneca chopp, 350L<\/li>\n<li>Vidro de alta qualidade<\/li>\n<li>Al\u00e7a refor\u00e7ada<\/li>\n<li>Caixa master colm\u00e9ia com 24 un<\/li>\n<li><strong>Grava\u00e7\u00e3o<\/strong> em resina PU cores<\/li>\n<li><strong>Tamanho<\/strong>: 11,5 cm<\/li>\n<li>N\u00e3o acompanha caixa individual<\/li>\n<\/ul>\n","protected":false},"excerpt":{"rendered":"<p>Caneca chopp, 350L Vidro de alta qualidade Al\u00e7a refor\u00e7ada Caixa master colm\u00e9ia com 24 un Grava\u00e7\u00e3o em resina PU cores Tamanho: 11,5 cm N\u00e3o acompanha caixa individual<\/p>\n","protected":false},"featured_media":8507,"template":"","meta":[],"product_cat":[60],"product_tag":[],"class_list":{"0":"post-8502","1":"product","2":"type-product","3":"status-publish","4":"has-post-thumbnail","6":"product_cat-bar","8":"first","9":"instock","10":"shipping-taxable","11":"product-type-simple"},"_links":{"self":[{"href":"https:\/\/comexbrindes.com.br\/site\/wp-json\/wp\/v2\/product\/8502","targetHints":{"allow":["GET"]}}],"collection":[{"href":"https:\/\/comexbrindes.com.br\/site\/wp-json\/wp\/v2\/product"}],"about":[{"href":"https:\/\/comexbrindes.com.br\/site\/wp-json\/wp\/v2\/types\/product"}],"version-history":[{"count":4,"href":"https:\/\/comexbrindes.com.br\/site\/wp-json\/wp\/v2\/product\/8502\/revisions"}],"predecessor-version":[{"id":8517,"href":"https:\/\/comexbrindes.com.br\/site\/wp-json\/wp\/v2\/product\/8502\/revisions\/8517"}],"wp:featuredmedia":[{"embeddable":true,"href":"https:\/\/comexbrindes.com.br\/site\/wp-json\/wp\/v2\/media\/8507"}],"wp:attachment":[{"href":"https:\/\/comexbrindes.com.br\/site\/wp-json\/wp\/v2\/media?parent=8502"}],"wp:term":[{"taxonomy":"product_cat","embeddable":true,"href":"https:\/\/comexbrindes.com.br\/site\/wp-json\/wp\/v2\/product_cat?post=8502"},{"taxonomy":"product_tag","embeddable":true,"href":"https:\/\/comexbrindes.com.br\/site\/wp-json\/wp\/v2\/product_tag?post=8502"}],"curies":[{"name":"wp","href":"https:\/\/api.w.org\/{rel}","templated":true}]}}