{"id":8477,"date":"2026-02-20T18:27:52","date_gmt":"2026-02-20T18:27:52","guid":{"rendered":"https:\/\/comexbrindes.com.br\/site\/?post_type=product&#038;p=8477"},"modified":"2026-02-20T18:27:53","modified_gmt":"2026-02-20T18:27:53","slug":"tabua-queijo-bambu-com-gaveta-ly-766122","status":"publish","type":"product","link":"https:\/\/comexbrindes.com.br\/site\/produto\/tabua-queijo-bambu-com-gaveta-ly-766122\/","title":{"rendered":"T\u00c1BUA QUEIJO BAMBU COM GAVETA &#8211; LY.766122"},"content":{"rendered":"<ul>\n<li>T\u00e1bua bambu, luxo, kit queijo, 6 pe\u00e7as<\/li>\n<li>Apresenta uma t\u00e1bua de bambu com um elegante padr\u00e3o grego<\/li>\n<li>Gaveta para acomoda\u00e7\u00e3o dos utens\u00edlios<\/li>\n<li>Grava\u00e7\u00e3o tampografia na tampa, 1 cor, 1 posi\u00e7\u00e3o<\/li>\n<li>Embalagem papel\u00e3o unit\u00e1rio<\/li>\n<\/ul>\n","protected":false},"excerpt":{"rendered":"<p>T\u00e1bua bambu, luxo, kit queijo, 6 pe\u00e7as Apresenta uma t\u00e1bua de bambu com um elegante padr\u00e3o grego Gaveta para acomoda\u00e7\u00e3o dos utens\u00edlios Grava\u00e7\u00e3o tampografia na tampa, 1 cor, 1 posi\u00e7\u00e3o Embalagem papel\u00e3o unit\u00e1rio<\/p>\n","protected":false},"featured_media":8480,"template":"","meta":[],"product_cat":[95],"product_tag":[],"class_list":{"0":"post-8477","1":"product","2":"type-product","3":"status-publish","4":"has-post-thumbnail","6":"product_cat-queijo-vinho","8":"first","9":"instock","10":"shipping-taxable","11":"product-type-simple"},"_links":{"self":[{"href":"https:\/\/comexbrindes.com.br\/site\/wp-json\/wp\/v2\/product\/8477","targetHints":{"allow":["GET"]}}],"collection":[{"href":"https:\/\/comexbrindes.com.br\/site\/wp-json\/wp\/v2\/product"}],"about":[{"href":"https:\/\/comexbrindes.com.br\/site\/wp-json\/wp\/v2\/types\/product"}],"version-history":[{"count":1,"href":"https:\/\/comexbrindes.com.br\/site\/wp-json\/wp\/v2\/product\/8477\/revisions"}],"predecessor-version":[{"id":8481,"href":"https:\/\/comexbrindes.com.br\/site\/wp-json\/wp\/v2\/product\/8477\/revisions\/8481"}],"wp:featuredmedia":[{"embeddable":true,"href":"https:\/\/comexbrindes.com.br\/site\/wp-json\/wp\/v2\/media\/8480"}],"wp:attachment":[{"href":"https:\/\/comexbrindes.com.br\/site\/wp-json\/wp\/v2\/media?parent=8477"}],"wp:term":[{"taxonomy":"product_cat","embeddable":true,"href":"https:\/\/comexbrindes.com.br\/site\/wp-json\/wp\/v2\/product_cat?post=8477"},{"taxonomy":"product_tag","embeddable":true,"href":"https:\/\/comexbrindes.com.br\/site\/wp-json\/wp\/v2\/product_tag?post=8477"}],"curies":[{"name":"wp","href":"https:\/\/api.w.org\/{rel}","templated":true}]}}