{"id":8436,"date":"2026-02-09T18:24:25","date_gmt":"2026-02-09T18:24:25","guid":{"rendered":"https:\/\/comexbrindes.com.br\/site\/?post_type=product&#038;p=8436"},"modified":"2026-02-09T18:33:12","modified_gmt":"2026-02-09T18:33:12","slug":"copo-plastico-600-ml-tampa-rosqueavel-alca-para-transporte-bx-71420-a","status":"publish","type":"product","link":"https:\/\/comexbrindes.com.br\/site\/produto\/copo-plastico-600-ml-tampa-rosqueavel-alca-para-transporte-bx-71420-a\/","title":{"rendered":"12 &#8211; COPO PL\u00c1STICO, 600 ML, TAMPA ROSQUE\u00c1VEL, AL\u00c7A PARA TRANSPORTE &#8211; BX.71420-A"},"content":{"rendered":"<ul>\n<li>Copo pl\u00e1stico<\/li>\n<li>Tampa rosque\u00e1vel, 600 ml<\/li>\n<li>Marcador de volume impresso<\/li>\n<li>Trava de seguran\u00e7a no bocal acompanha canudo<\/li>\n<li>Al\u00e7a de nylon para transporte<\/li>\n<li><strong>Cores:<\/strong> branco e vinho<\/li>\n<li><strong>Grava\u00e7\u00e3o<\/strong> tampografia 1 cor, 1 lado<\/li>\n<li><strong>Tamanho:<\/strong> 19,0 x 9,1 cm<\/li>\n<\/ul>\n","protected":false},"excerpt":{"rendered":"<p>Copo pl\u00e1stico Tampa rosque\u00e1vel, 600 ml Marcador de volume impresso Trava de seguran\u00e7a no bocal acompanha canudo Al\u00e7a de nylon para transporte Cores: branco e vinho Grava\u00e7\u00e3o tampografia 1 cor, 1 lado Tamanho: 19,0 x 9,1 cm<\/p>\n","protected":false},"featured_media":8437,"template":"","meta":[],"product_cat":[50],"product_tag":[],"class_list":{"0":"post-8436","1":"product","2":"type-product","3":"status-publish","4":"has-post-thumbnail","6":"product_cat-copos-e-canecas","8":"first","9":"instock","10":"shipping-taxable","11":"product-type-simple"},"_links":{"self":[{"href":"https:\/\/comexbrindes.com.br\/site\/wp-json\/wp\/v2\/product\/8436","targetHints":{"allow":["GET"]}}],"collection":[{"href":"https:\/\/comexbrindes.com.br\/site\/wp-json\/wp\/v2\/product"}],"about":[{"href":"https:\/\/comexbrindes.com.br\/site\/wp-json\/wp\/v2\/types\/product"}],"version-history":[{"count":5,"href":"https:\/\/comexbrindes.com.br\/site\/wp-json\/wp\/v2\/product\/8436\/revisions"}],"predecessor-version":[{"id":8446,"href":"https:\/\/comexbrindes.com.br\/site\/wp-json\/wp\/v2\/product\/8436\/revisions\/8446"}],"wp:featuredmedia":[{"embeddable":true,"href":"https:\/\/comexbrindes.com.br\/site\/wp-json\/wp\/v2\/media\/8437"}],"wp:attachment":[{"href":"https:\/\/comexbrindes.com.br\/site\/wp-json\/wp\/v2\/media?parent=8436"}],"wp:term":[{"taxonomy":"product_cat","embeddable":true,"href":"https:\/\/comexbrindes.com.br\/site\/wp-json\/wp\/v2\/product_cat?post=8436"},{"taxonomy":"product_tag","embeddable":true,"href":"https:\/\/comexbrindes.com.br\/site\/wp-json\/wp\/v2\/product_tag?post=8436"}],"curies":[{"name":"wp","href":"https:\/\/api.w.org\/{rel}","templated":true}]}}