{"id":8418,"date":"2026-02-09T12:14:28","date_gmt":"2026-02-09T12:14:28","guid":{"rendered":"https:\/\/comexbrindes.com.br\/site\/?post_type=product&#038;p=8418"},"modified":"2026-02-09T12:28:57","modified_gmt":"2026-02-09T12:28:57","slug":"caneta-esfero-plastica-branca-detalhes-coloridos-bx-71030","status":"publish","type":"product","link":"https:\/\/comexbrindes.com.br\/site\/produto\/caneta-esfero-plastica-branca-detalhes-coloridos-bx-71030\/","title":{"rendered":"09 &#8211; CANETA  ESFERO PL\u00c1STICA BRANCA, DETALHES COLORIDOS &#8211; BX.71030"},"content":{"rendered":"<ul>\n<li>Caneta esfero pl\u00e1stica, branca detalhes cores<\/li>\n<li>Acionamento por clique<\/li>\n<li><strong>Grava\u00e7\u00e3o<\/strong> tampografia 1 cor, 1 lado<\/li>\n<li><strong>Cores:<\/strong> verde, laranja, vermelho, preto, azul, amarelo, marrom e branco<\/li>\n<li><strong>Tamanho:<\/strong> \u00a013,8\u00a0 x 1,2 cm<\/li>\n<\/ul>\n","protected":false},"excerpt":{"rendered":"<p>Caneta esfero pl\u00e1stica, branca detalhes cores Acionamento por clique Grava\u00e7\u00e3o tampografia 1 cor, 1 lado Cores: verde, laranja, vermelho, preto, azul, amarelo, marrom e branco Tamanho: \u00a013,8\u00a0 x 1,2 cm<\/p>\n","protected":false},"featured_media":8420,"template":"","meta":[],"product_cat":[73],"product_tag":[],"class_list":{"0":"post-8418","1":"product","2":"type-product","3":"status-publish","4":"has-post-thumbnail","6":"product_cat-canetas-plasticas","8":"first","9":"instock","10":"shipping-taxable","11":"product-type-simple"},"_links":{"self":[{"href":"https:\/\/comexbrindes.com.br\/site\/wp-json\/wp\/v2\/product\/8418","targetHints":{"allow":["GET"]}}],"collection":[{"href":"https:\/\/comexbrindes.com.br\/site\/wp-json\/wp\/v2\/product"}],"about":[{"href":"https:\/\/comexbrindes.com.br\/site\/wp-json\/wp\/v2\/types\/product"}],"version-history":[{"count":3,"href":"https:\/\/comexbrindes.com.br\/site\/wp-json\/wp\/v2\/product\/8418\/revisions"}],"predecessor-version":[{"id":8426,"href":"https:\/\/comexbrindes.com.br\/site\/wp-json\/wp\/v2\/product\/8418\/revisions\/8426"}],"wp:featuredmedia":[{"embeddable":true,"href":"https:\/\/comexbrindes.com.br\/site\/wp-json\/wp\/v2\/media\/8420"}],"wp:attachment":[{"href":"https:\/\/comexbrindes.com.br\/site\/wp-json\/wp\/v2\/media?parent=8418"}],"wp:term":[{"taxonomy":"product_cat","embeddable":true,"href":"https:\/\/comexbrindes.com.br\/site\/wp-json\/wp\/v2\/product_cat?post=8418"},{"taxonomy":"product_tag","embeddable":true,"href":"https:\/\/comexbrindes.com.br\/site\/wp-json\/wp\/v2\/product_tag?post=8418"}],"curies":[{"name":"wp","href":"https:\/\/api.w.org\/{rel}","templated":true}]}}