{"id":8410,"date":"2026-02-06T20:54:33","date_gmt":"2026-02-06T20:54:33","guid":{"rendered":"https:\/\/comexbrindes.com.br\/site\/?post_type=product&#038;p=8410"},"modified":"2026-02-09T12:26:43","modified_gmt":"2026-02-09T12:26:43","slug":"caneta-esfero-plastica-cores-bx-16941","status":"publish","type":"product","link":"https:\/\/comexbrindes.com.br\/site\/produto\/caneta-esfero-plastica-cores-bx-16941\/","title":{"rendered":"10 &#8211; CANETA  ESFERO PL\u00c1STICA, CORES &#8211; BX.16941"},"content":{"rendered":"<ul>\n<li>Caneta esfero pl\u00e1stica<\/li>\n<li>Acionamento por rota\u00e7\u00e3o<\/li>\n<li>Clip preto<\/li>\n<li><strong>Grava\u00e7\u00e3o<\/strong> tampografia 1 cor, 1 lado<\/li>\n<li><strong>Cores:<\/strong> verde, laranja, vermelho, prata, preto e azul<\/li>\n<li><strong>Tamanho:<\/strong> 14,2 x 1,5 cm<\/li>\n<\/ul>\n","protected":false},"excerpt":{"rendered":"<p>Caneta esfero pl\u00e1stica Acionamento por rota\u00e7\u00e3o Clip preto Grava\u00e7\u00e3o tampografia 1 cor, 1 lado Cores: verde, laranja, vermelho, prata, preto e azul Tamanho: 14,2 x 1,5 cm<\/p>\n","protected":false},"featured_media":8411,"template":"","meta":[],"product_cat":[73],"product_tag":[],"class_list":{"0":"post-8410","1":"product","2":"type-product","3":"status-publish","4":"has-post-thumbnail","6":"product_cat-canetas-plasticas","8":"first","9":"instock","10":"shipping-taxable","11":"product-type-simple"},"_links":{"self":[{"href":"https:\/\/comexbrindes.com.br\/site\/wp-json\/wp\/v2\/product\/8410","targetHints":{"allow":["GET"]}}],"collection":[{"href":"https:\/\/comexbrindes.com.br\/site\/wp-json\/wp\/v2\/product"}],"about":[{"href":"https:\/\/comexbrindes.com.br\/site\/wp-json\/wp\/v2\/types\/product"}],"version-history":[{"count":4,"href":"https:\/\/comexbrindes.com.br\/site\/wp-json\/wp\/v2\/product\/8410\/revisions"}],"predecessor-version":[{"id":8425,"href":"https:\/\/comexbrindes.com.br\/site\/wp-json\/wp\/v2\/product\/8410\/revisions\/8425"}],"wp:featuredmedia":[{"embeddable":true,"href":"https:\/\/comexbrindes.com.br\/site\/wp-json\/wp\/v2\/media\/8411"}],"wp:attachment":[{"href":"https:\/\/comexbrindes.com.br\/site\/wp-json\/wp\/v2\/media?parent=8410"}],"wp:term":[{"taxonomy":"product_cat","embeddable":true,"href":"https:\/\/comexbrindes.com.br\/site\/wp-json\/wp\/v2\/product_cat?post=8410"},{"taxonomy":"product_tag","embeddable":true,"href":"https:\/\/comexbrindes.com.br\/site\/wp-json\/wp\/v2\/product_tag?post=8410"}],"curies":[{"name":"wp","href":"https:\/\/api.w.org\/{rel}","templated":true}]}}