{"id":8404,"date":"2026-02-06T20:35:41","date_gmt":"2026-02-06T20:35:41","guid":{"rendered":"https:\/\/comexbrindes.com.br\/site\/?post_type=product&#038;p=8404"},"modified":"2026-02-06T20:39:09","modified_gmt":"2026-02-06T20:39:09","slug":"caneta-esfero-plastica-branca-3-em-1-touch-bx-26331-b","status":"publish","type":"product","link":"https:\/\/comexbrindes.com.br\/site\/produto\/caneta-esfero-plastica-branca-3-em-1-touch-bx-26331-b\/","title":{"rendered":"07 CANETA ESFERO PL\u00c1STICA BRANCA, 3 EM 1, TOUCH &#8211; BX.26331-B"},"content":{"rendered":"<ul>\n<li>Caneta esfero pl\u00e1stica branca<\/li>\n<li>Touch<\/li>\n<li>3 em 1, escrita azul, preta e vermelha<\/li>\n<li><strong>Grava\u00e7\u00e3o<\/strong> tampografia, 1 lado<\/li>\n<li><strong>Tamanho:<\/strong>\u00a0 14,9 x 1,4 cm<\/li>\n<\/ul>\n","protected":false},"excerpt":{"rendered":"<p>Caneta esfero pl\u00e1stica branca Touch 3 em 1, escrita azul, preta e vermelha Grava\u00e7\u00e3o tampografia, 1 lado Tamanho:\u00a0 14,9 x 1,4 cm<\/p>\n","protected":false},"featured_media":8406,"template":"","meta":[],"product_cat":[73],"product_tag":[],"class_list":{"0":"post-8404","1":"product","2":"type-product","3":"status-publish","4":"has-post-thumbnail","6":"product_cat-canetas-plasticas","8":"first","9":"instock","10":"shipping-taxable","11":"product-type-simple"},"_links":{"self":[{"href":"https:\/\/comexbrindes.com.br\/site\/wp-json\/wp\/v2\/product\/8404","targetHints":{"allow":["GET"]}}],"collection":[{"href":"https:\/\/comexbrindes.com.br\/site\/wp-json\/wp\/v2\/product"}],"about":[{"href":"https:\/\/comexbrindes.com.br\/site\/wp-json\/wp\/v2\/types\/product"}],"version-history":[{"count":2,"href":"https:\/\/comexbrindes.com.br\/site\/wp-json\/wp\/v2\/product\/8404\/revisions"}],"predecessor-version":[{"id":8408,"href":"https:\/\/comexbrindes.com.br\/site\/wp-json\/wp\/v2\/product\/8404\/revisions\/8408"}],"wp:featuredmedia":[{"embeddable":true,"href":"https:\/\/comexbrindes.com.br\/site\/wp-json\/wp\/v2\/media\/8406"}],"wp:attachment":[{"href":"https:\/\/comexbrindes.com.br\/site\/wp-json\/wp\/v2\/media?parent=8404"}],"wp:term":[{"taxonomy":"product_cat","embeddable":true,"href":"https:\/\/comexbrindes.com.br\/site\/wp-json\/wp\/v2\/product_cat?post=8404"},{"taxonomy":"product_tag","embeddable":true,"href":"https:\/\/comexbrindes.com.br\/site\/wp-json\/wp\/v2\/product_tag?post=8404"}],"curies":[{"name":"wp","href":"https:\/\/api.w.org\/{rel}","templated":true}]}}