{"id":8398,"date":"2026-02-06T20:20:09","date_gmt":"2026-02-06T20:20:09","guid":{"rendered":"https:\/\/comexbrindes.com.br\/site\/?post_type=product&#038;p=8398"},"modified":"2026-02-06T20:23:36","modified_gmt":"2026-02-06T20:23:36","slug":"caneta-esfero-plastica-branca-clip-colorido-bx-12581","status":"publish","type":"product","link":"https:\/\/comexbrindes.com.br\/site\/produto\/caneta-esfero-plastica-branca-clip-colorido-bx-12581\/","title":{"rendered":"05 CANETA  ESFERO PL\u00c1STICA BRANCA, CLIP COLORIDO &#8211; BX.12581"},"content":{"rendered":"<ul>\n<li>Caneta esfero pl\u00e1stica branca com clip colorido<\/li>\n<li>Acionamento por clique<\/li>\n<li><strong>Cores:<\/strong> verde, laranja, vermelho, preto, azul e branco<\/li>\n<li><strong>Grava\u00e7\u00e3o<\/strong> tampografia 1 cor, 1 lado<\/li>\n<li><strong>Tamanho:<\/strong> 14,3 x 1,5 cm<\/li>\n<\/ul>\n","protected":false},"excerpt":{"rendered":"<p>Caneta esfero pl\u00e1stica branca com clip colorido Acionamento por clique Cores: verde, laranja, vermelho, preto, azul e branco Grava\u00e7\u00e3o tampografia 1 cor, 1 lado Tamanho: 14,3 x 1,5 cm<\/p>\n","protected":false},"featured_media":8400,"template":"","meta":[],"product_cat":[73],"product_tag":[],"class_list":{"0":"post-8398","1":"product","2":"type-product","3":"status-publish","4":"has-post-thumbnail","6":"product_cat-canetas-plasticas","8":"first","9":"instock","10":"shipping-taxable","11":"product-type-simple"},"_links":{"self":[{"href":"https:\/\/comexbrindes.com.br\/site\/wp-json\/wp\/v2\/product\/8398","targetHints":{"allow":["GET"]}}],"collection":[{"href":"https:\/\/comexbrindes.com.br\/site\/wp-json\/wp\/v2\/product"}],"about":[{"href":"https:\/\/comexbrindes.com.br\/site\/wp-json\/wp\/v2\/types\/product"}],"version-history":[{"count":2,"href":"https:\/\/comexbrindes.com.br\/site\/wp-json\/wp\/v2\/product\/8398\/revisions"}],"predecessor-version":[{"id":8402,"href":"https:\/\/comexbrindes.com.br\/site\/wp-json\/wp\/v2\/product\/8398\/revisions\/8402"}],"wp:featuredmedia":[{"embeddable":true,"href":"https:\/\/comexbrindes.com.br\/site\/wp-json\/wp\/v2\/media\/8400"}],"wp:attachment":[{"href":"https:\/\/comexbrindes.com.br\/site\/wp-json\/wp\/v2\/media?parent=8398"}],"wp:term":[{"taxonomy":"product_cat","embeddable":true,"href":"https:\/\/comexbrindes.com.br\/site\/wp-json\/wp\/v2\/product_cat?post=8398"},{"taxonomy":"product_tag","embeddable":true,"href":"https:\/\/comexbrindes.com.br\/site\/wp-json\/wp\/v2\/product_tag?post=8398"}],"curies":[{"name":"wp","href":"https:\/\/api.w.org\/{rel}","templated":true}]}}