{"id":8374,"date":"2026-02-04T18:18:20","date_gmt":"2026-02-04T18:18:20","guid":{"rendered":"https:\/\/comexbrindes.com.br\/site\/?post_type=product&#038;p=8374"},"modified":"2026-02-04T19:20:01","modified_gmt":"2026-02-04T19:20:01","slug":"02-caneca-termica-inox-reciclado-13-l-parede-dupla-as-0159-ac","status":"publish","type":"product","link":"https:\/\/comexbrindes.com.br\/site\/produto\/02-caneca-termica-inox-reciclado-13-l-parede-dupla-as-0159-ac\/","title":{"rendered":"02 CANECA T\u00c9RMICA INOX RECICLADO, 1,3 L &#8211; AS.0159-AC"},"content":{"rendered":"<ul>\n<li>Caneca t\u00e9rmica inox reciclado,\u00a01,3 L<\/li>\n<li>Parede dupla (interno 304, externo 201)<\/li>\n<li>Pintura fosca<\/li>\n<li>Conserva temperatura 2 horas (quente) e 6 horas (frio)<\/li>\n<li><strong>Cores:<\/strong> azul, verde, preto, cinza, branco, marrom, cromado<\/li>\n<li><strong>Grava\u00e7\u00e3o<\/strong> tampografia 1 cor, 1 lado<\/li>\n<li><strong>Tamanho:<\/strong> 25,5 x \u00f810 cm (com \u00f87 cm) (AxLxP)<\/li>\n<li>Caixa 25 un \/15 kgs \/ NCM 9617.00.10<\/li>\n<\/ul>\n","protected":false},"excerpt":{"rendered":"<p>Caneca t\u00e9rmica inox reciclado,\u00a01,3 L Parede dupla (interno 304, externo 201) Pintura fosca Conserva temperatura 2 horas (quente) e 6 horas (frio) Cores: azul, verde, preto, cinza, branco, marrom, cromado Grava\u00e7\u00e3o tampografia 1 cor, 1 lado Tamanho: 25,5 x \u00f810 cm (com \u00f87 cm) (AxLxP) Caixa 25 un \/15 kgs \/ NCM 9617.00.10<\/p>\n","protected":false},"featured_media":8390,"template":"","meta":[],"product_cat":[50],"product_tag":[],"class_list":{"0":"post-8374","1":"product","2":"type-product","3":"status-publish","4":"has-post-thumbnail","6":"product_cat-copos-e-canecas","8":"first","9":"instock","10":"shipping-taxable","11":"product-type-simple"},"_links":{"self":[{"href":"https:\/\/comexbrindes.com.br\/site\/wp-json\/wp\/v2\/product\/8374","targetHints":{"allow":["GET"]}}],"collection":[{"href":"https:\/\/comexbrindes.com.br\/site\/wp-json\/wp\/v2\/product"}],"about":[{"href":"https:\/\/comexbrindes.com.br\/site\/wp-json\/wp\/v2\/types\/product"}],"version-history":[{"count":5,"href":"https:\/\/comexbrindes.com.br\/site\/wp-json\/wp\/v2\/product\/8374\/revisions"}],"predecessor-version":[{"id":8393,"href":"https:\/\/comexbrindes.com.br\/site\/wp-json\/wp\/v2\/product\/8374\/revisions\/8393"}],"wp:featuredmedia":[{"embeddable":true,"href":"https:\/\/comexbrindes.com.br\/site\/wp-json\/wp\/v2\/media\/8390"}],"wp:attachment":[{"href":"https:\/\/comexbrindes.com.br\/site\/wp-json\/wp\/v2\/media?parent=8374"}],"wp:term":[{"taxonomy":"product_cat","embeddable":true,"href":"https:\/\/comexbrindes.com.br\/site\/wp-json\/wp\/v2\/product_cat?post=8374"},{"taxonomy":"product_tag","embeddable":true,"href":"https:\/\/comexbrindes.com.br\/site\/wp-json\/wp\/v2\/product_tag?post=8374"}],"curies":[{"name":"wp","href":"https:\/\/api.w.org\/{rel}","templated":true}]}}