{"id":8356,"date":"2026-02-04T17:24:40","date_gmt":"2026-02-04T17:24:40","guid":{"rendered":"https:\/\/comexbrindes.com.br\/site\/?post_type=product&#038;p=8356"},"modified":"2026-02-04T17:25:59","modified_gmt":"2026-02-04T17:25:59","slug":"bolsa-termica-dupla-alca-de-mao-e-tiracolo-regulavel-bx-56881","status":"publish","type":"product","link":"https:\/\/comexbrindes.com.br\/site\/produto\/bolsa-termica-dupla-alca-de-mao-e-tiracolo-regulavel-bx-56881\/","title":{"rendered":"02 BOLSA T\u00c9RMICA DUPLA, AL\u00c7A DE M\u00c3O E TIRACOLO REGUL\u00c1VEL &#8211; BX.56881"},"content":{"rendered":"<ul>\n<li>Bolsa t\u00e9rmica dupla<\/li>\n<li>Nylon com detalhes em couro sint\u00e9tico, cont\u00e9m divis\u00f3ria integrada \u00e0 bolsa<\/li>\n<li>Al\u00e7a de m\u00e3o e de ombro ajust\u00e1vel e remov\u00edvel<\/li>\n<li><strong>Cores:<\/strong> azul, preto e cinza<\/li>\n<li><strong>Grava\u00e7\u00e3o<\/strong> tampografia 1 cor, 1 lado<\/li>\n<li><strong>Tamanho:<\/strong> 33,5 x 21,5 x 15,5 cm<\/li>\n<\/ul>\n","protected":false},"excerpt":{"rendered":"<p>Bolsa t\u00e9rmica dupla Nylon com detalhes em couro sint\u00e9tico, cont\u00e9m divis\u00f3ria integrada \u00e0 bolsa Al\u00e7a de m\u00e3o e de ombro ajust\u00e1vel e remov\u00edvel Cores: azul, preto e cinza Grava\u00e7\u00e3o tampografia 1 cor, 1 lado Tamanho: 33,5 x 21,5 x 15,5 cm<\/p>\n","protected":false},"featured_media":8359,"template":"","meta":[],"product_cat":[61],"product_tag":[],"class_list":{"0":"post-8356","1":"product","2":"type-product","3":"status-publish","4":"has-post-thumbnail","6":"product_cat-bolsas-termicas","8":"first","9":"instock","10":"shipping-taxable","11":"product-type-simple"},"_links":{"self":[{"href":"https:\/\/comexbrindes.com.br\/site\/wp-json\/wp\/v2\/product\/8356","targetHints":{"allow":["GET"]}}],"collection":[{"href":"https:\/\/comexbrindes.com.br\/site\/wp-json\/wp\/v2\/product"}],"about":[{"href":"https:\/\/comexbrindes.com.br\/site\/wp-json\/wp\/v2\/types\/product"}],"version-history":[{"count":2,"href":"https:\/\/comexbrindes.com.br\/site\/wp-json\/wp\/v2\/product\/8356\/revisions"}],"predecessor-version":[{"id":8361,"href":"https:\/\/comexbrindes.com.br\/site\/wp-json\/wp\/v2\/product\/8356\/revisions\/8361"}],"wp:featuredmedia":[{"embeddable":true,"href":"https:\/\/comexbrindes.com.br\/site\/wp-json\/wp\/v2\/media\/8359"}],"wp:attachment":[{"href":"https:\/\/comexbrindes.com.br\/site\/wp-json\/wp\/v2\/media?parent=8356"}],"wp:term":[{"taxonomy":"product_cat","embeddable":true,"href":"https:\/\/comexbrindes.com.br\/site\/wp-json\/wp\/v2\/product_cat?post=8356"},{"taxonomy":"product_tag","embeddable":true,"href":"https:\/\/comexbrindes.com.br\/site\/wp-json\/wp\/v2\/product_tag?post=8356"}],"curies":[{"name":"wp","href":"https:\/\/api.w.org\/{rel}","templated":true}]}}