{"id":8350,"date":"2026-02-04T14:57:30","date_gmt":"2026-02-04T14:57:30","guid":{"rendered":"https:\/\/comexbrindes.com.br\/site\/?post_type=product&#038;p=8350"},"modified":"2026-02-04T16:53:07","modified_gmt":"2026-02-04T16:53:07","slug":"porta-bloco-calculadora-miolo-porta-caneta-bx-84911","status":"publish","type":"product","link":"https:\/\/comexbrindes.com.br\/site\/produto\/porta-bloco-calculadora-miolo-porta-caneta-bx-84911\/","title":{"rendered":"08 &#8211; PORTA BLOCO  CALCULADORA, MIOLO, PORTA CANETA &#8211; BX.84911"},"content":{"rendered":"<ul>\n<li>Porta blocos, couro sint\u00e9tico<\/li>\n<li>Calculadora solar<\/li>\n<li>Bloco anota\u00e7\u00f5es pautado 30 folhas brancas<\/li>\n<li>Porta canetas<\/li>\n<li><strong>Cor<\/strong> preto<\/li>\n<li><strong>Grava\u00e7\u00e3o<\/strong> tampografia 1 cor, 1 lado<\/li>\n<li><strong>Tamanho:<\/strong> 14 x 10,5 x 15 cm<\/li>\n<\/ul>\n","protected":false},"excerpt":{"rendered":"<p>Porta blocos, couro sint\u00e9tico Calculadora solar Bloco anota\u00e7\u00f5es pautado 30 folhas brancas Porta canetas Cor preto Grava\u00e7\u00e3o tampografia 1 cor, 1 lado Tamanho: 14 x 10,5 x 15 cm<\/p>\n","protected":false},"featured_media":8355,"template":"","meta":[],"product_cat":[56],"product_tag":[],"class_list":{"0":"post-8350","1":"product","2":"type-product","3":"status-publish","4":"has-post-thumbnail","6":"product_cat-blocos","8":"first","9":"instock","10":"shipping-taxable","11":"product-type-simple"},"_links":{"self":[{"href":"https:\/\/comexbrindes.com.br\/site\/wp-json\/wp\/v2\/product\/8350","targetHints":{"allow":["GET"]}}],"collection":[{"href":"https:\/\/comexbrindes.com.br\/site\/wp-json\/wp\/v2\/product"}],"about":[{"href":"https:\/\/comexbrindes.com.br\/site\/wp-json\/wp\/v2\/types\/product"}],"version-history":[{"count":2,"href":"https:\/\/comexbrindes.com.br\/site\/wp-json\/wp\/v2\/product\/8350\/revisions"}],"predecessor-version":[{"id":8354,"href":"https:\/\/comexbrindes.com.br\/site\/wp-json\/wp\/v2\/product\/8350\/revisions\/8354"}],"wp:featuredmedia":[{"embeddable":true,"href":"https:\/\/comexbrindes.com.br\/site\/wp-json\/wp\/v2\/media\/8355"}],"wp:attachment":[{"href":"https:\/\/comexbrindes.com.br\/site\/wp-json\/wp\/v2\/media?parent=8350"}],"wp:term":[{"taxonomy":"product_cat","embeddable":true,"href":"https:\/\/comexbrindes.com.br\/site\/wp-json\/wp\/v2\/product_cat?post=8350"},{"taxonomy":"product_tag","embeddable":true,"href":"https:\/\/comexbrindes.com.br\/site\/wp-json\/wp\/v2\/product_tag?post=8350"}],"curies":[{"name":"wp","href":"https:\/\/api.w.org\/{rel}","templated":true}]}}