{"id":8124,"date":"2026-01-07T20:40:26","date_gmt":"2026-01-07T20:40:26","guid":{"rendered":"https:\/\/comexbrindes.com.br\/site\/?post_type=product&#038;p=8124"},"modified":"2026-01-09T18:51:39","modified_gmt":"2026-01-09T18:51:39","slug":"copo-parede-dupla-350-ml-pintura-fosca-as-0559-oc","status":"publish","type":"product","link":"https:\/\/comexbrindes.com.br\/site\/produto\/copo-parede-dupla-350-ml-pintura-fosca-as-0559-oc\/","title":{"rendered":"10 COPO PAREDE DUPLA, 350 ML, PINTURA FOSCA &#8211; AS.0559-OC"},"content":{"rendered":"<ul>\n<li>Copo parede dupla, 350 ml<\/li>\n<li>Interior em inox 304 e exterior em pl\u00e1stico PP<\/li>\n<li>Tampa<\/li>\n<li>Al\u00e7a de m\u00e3o<\/li>\n<li>Acabamento com pintura fosca<\/li>\n<li><strong>Tamanho:<\/strong> 14,5 x 9,5 cm<\/li>\n<li><strong>Cores:<\/strong> verde, preto e azul<\/li>\n<li><strong>Grava\u00e7\u00e3o<\/strong> tampografia 1 cor, 1 lado<\/li>\n<li>Caixa 50 un e 10 kgs \/ NCM 9617.00.10<\/li>\n<\/ul>\n","protected":false},"excerpt":{"rendered":"<p>Copo parede dupla, 350 ml Interior em inox 304 e exterior em pl\u00e1stico PP Tampa Al\u00e7a de m\u00e3o Acabamento com pintura fosca Tamanho: 14,5 x 9,5 cm Cores: verde, preto e azul Grava\u00e7\u00e3o tampografia 1 cor, 1 lado Caixa 50 un e 10 kgs \/ NCM 9617.00.10<\/p>\n","protected":false},"featured_media":8126,"template":"","meta":[],"product_cat":[50],"product_tag":[],"class_list":{"0":"post-8124","1":"product","2":"type-product","3":"status-publish","4":"has-post-thumbnail","6":"product_cat-copos-e-canecas","8":"first","9":"instock","10":"shipping-taxable","11":"product-type-simple"},"_links":{"self":[{"href":"https:\/\/comexbrindes.com.br\/site\/wp-json\/wp\/v2\/product\/8124","targetHints":{"allow":["GET"]}}],"collection":[{"href":"https:\/\/comexbrindes.com.br\/site\/wp-json\/wp\/v2\/product"}],"about":[{"href":"https:\/\/comexbrindes.com.br\/site\/wp-json\/wp\/v2\/types\/product"}],"version-history":[{"count":2,"href":"https:\/\/comexbrindes.com.br\/site\/wp-json\/wp\/v2\/product\/8124\/revisions"}],"predecessor-version":[{"id":8140,"href":"https:\/\/comexbrindes.com.br\/site\/wp-json\/wp\/v2\/product\/8124\/revisions\/8140"}],"wp:featuredmedia":[{"embeddable":true,"href":"https:\/\/comexbrindes.com.br\/site\/wp-json\/wp\/v2\/media\/8126"}],"wp:attachment":[{"href":"https:\/\/comexbrindes.com.br\/site\/wp-json\/wp\/v2\/media?parent=8124"}],"wp:term":[{"taxonomy":"product_cat","embeddable":true,"href":"https:\/\/comexbrindes.com.br\/site\/wp-json\/wp\/v2\/product_cat?post=8124"},{"taxonomy":"product_tag","embeddable":true,"href":"https:\/\/comexbrindes.com.br\/site\/wp-json\/wp\/v2\/product_tag?post=8124"}],"curies":[{"name":"wp","href":"https:\/\/api.w.org\/{rel}","templated":true}]}}