{"id":8119,"date":"2026-01-07T20:16:49","date_gmt":"2026-01-07T20:16:49","guid":{"rendered":"https:\/\/comexbrindes.com.br\/site\/?post_type=product&#038;p=8119"},"modified":"2026-01-07T20:20:17","modified_gmt":"2026-01-07T20:20:17","slug":"copo-termico-inox-350-ml-pintura-fosca-as-0039-oc","status":"publish","type":"product","link":"https:\/\/comexbrindes.com.br\/site\/produto\/copo-termico-inox-350-ml-pintura-fosca-as-0039-oc\/","title":{"rendered":"COPO T\u00c9RMICO INOX, 350 ML, PINTURA FOSCA &#8211; AS.0039-OC"},"content":{"rendered":"<ul>\n<li>Copo t\u00e9rmico, 350ml<\/li>\n<li>Parede dupla<\/li>\n<li>Pintura fosca<\/li>\n<li>Tampa pl\u00e1stica com anel de silicone para veda\u00e7\u00e3o<\/li>\n<li><strong>Tamanho:<\/strong> 11,3 x 8,0 cm<\/li>\n<li><strong>Cores:<\/strong> verde, branco, preto, azul, prata<\/li>\n<li><strong>Grava\u00e7\u00e3o<\/strong> tampografia 1 cor, 1 lado<\/li>\n<li>Caixa 50 un e 10,7 kgs \/ NCM 9617.00.10<\/li>\n<\/ul>\n","protected":false},"excerpt":{"rendered":"<p>Copo t\u00e9rmico, 350ml Parede dupla Pintura fosca Tampa pl\u00e1stica com anel de silicone para veda\u00e7\u00e3o Tamanho: 11,3 x 8,0 cm Cores: verde, branco, preto, azul, prata Grava\u00e7\u00e3o tampografia 1 cor, 1 lado Caixa 50 un e 10,7 kgs \/ NCM 9617.00.10<\/p>\n","protected":false},"featured_media":8120,"template":"","meta":[],"product_cat":[50],"product_tag":[],"class_list":{"0":"post-8119","1":"product","2":"type-product","3":"status-publish","4":"has-post-thumbnail","6":"product_cat-copos-e-canecas","8":"first","9":"instock","10":"shipping-taxable","11":"product-type-simple"},"_links":{"self":[{"href":"https:\/\/comexbrindes.com.br\/site\/wp-json\/wp\/v2\/product\/8119","targetHints":{"allow":["GET"]}}],"collection":[{"href":"https:\/\/comexbrindes.com.br\/site\/wp-json\/wp\/v2\/product"}],"about":[{"href":"https:\/\/comexbrindes.com.br\/site\/wp-json\/wp\/v2\/types\/product"}],"version-history":[{"count":1,"href":"https:\/\/comexbrindes.com.br\/site\/wp-json\/wp\/v2\/product\/8119\/revisions"}],"predecessor-version":[{"id":8122,"href":"https:\/\/comexbrindes.com.br\/site\/wp-json\/wp\/v2\/product\/8119\/revisions\/8122"}],"wp:featuredmedia":[{"embeddable":true,"href":"https:\/\/comexbrindes.com.br\/site\/wp-json\/wp\/v2\/media\/8120"}],"wp:attachment":[{"href":"https:\/\/comexbrindes.com.br\/site\/wp-json\/wp\/v2\/media?parent=8119"}],"wp:term":[{"taxonomy":"product_cat","embeddable":true,"href":"https:\/\/comexbrindes.com.br\/site\/wp-json\/wp\/v2\/product_cat?post=8119"},{"taxonomy":"product_tag","embeddable":true,"href":"https:\/\/comexbrindes.com.br\/site\/wp-json\/wp\/v2\/product_tag?post=8119"}],"curies":[{"name":"wp","href":"https:\/\/api.w.org\/{rel}","templated":true}]}}