{"id":8107,"date":"2026-01-07T19:22:35","date_gmt":"2026-01-07T19:22:35","guid":{"rendered":"https:\/\/comexbrindes.com.br\/site\/?post_type=product&#038;p=8107"},"modified":"2026-01-07T20:22:49","modified_gmt":"2026-01-07T20:22:49","slug":"caneca-termica-em-plastico-pp-inox-450-ml-as-0410-ac","status":"publish","type":"product","link":"https:\/\/comexbrindes.com.br\/site\/produto\/caneca-termica-em-plastico-pp-inox-450-ml-as-0410-ac\/","title":{"rendered":"04 CANECA T\u00c9RMICA EM PL\u00c1STICO PP, INOX, 450 ML &#8211; AS.0410-AC"},"content":{"rendered":"<ul>\n<li>Caneca t\u00e9rmica em pl\u00e1stico PP<\/li>\n<li>450 ml<\/li>\n<li>Com interior em inox 304 para conserva\u00e7\u00e3o da temperatura do l\u00edquido<\/li>\n<li><strong>Cores:<\/strong> azul, verde, preto, cinza, branco<\/li>\n<li><strong>Tamanho:<\/strong> 11,5 x 8,5 cm<\/li>\n<li><strong>Grava\u00e7\u00e3o<\/strong> tampografia 1 cor, 1 lado<\/li>\n<li>Embalagem caixa branca<\/li>\n<li>Caixa 50 un e 11 kgs \/ NCM 7310.29.90<\/li>\n<\/ul>\n","protected":false},"excerpt":{"rendered":"<p>Caneca t\u00e9rmica em pl\u00e1stico PP 450 ml Com interior em inox 304 para conserva\u00e7\u00e3o da temperatura do l\u00edquido Cores: azul, verde, preto, cinza, branco Tamanho: 11,5 x 8,5 cm Grava\u00e7\u00e3o tampografia 1 cor, 1 lado Embalagem caixa branca Caixa 50 un e 11 kgs \/ NCM 7310.29.90<\/p>\n","protected":false},"featured_media":8109,"template":"","meta":[],"product_cat":[50],"product_tag":[],"class_list":{"0":"post-8107","1":"product","2":"type-product","3":"status-publish","4":"has-post-thumbnail","6":"product_cat-copos-e-canecas","8":"first","9":"instock","10":"shipping-taxable","11":"product-type-simple"},"_links":{"self":[{"href":"https:\/\/comexbrindes.com.br\/site\/wp-json\/wp\/v2\/product\/8107","targetHints":{"allow":["GET"]}}],"collection":[{"href":"https:\/\/comexbrindes.com.br\/site\/wp-json\/wp\/v2\/product"}],"about":[{"href":"https:\/\/comexbrindes.com.br\/site\/wp-json\/wp\/v2\/types\/product"}],"version-history":[{"count":4,"href":"https:\/\/comexbrindes.com.br\/site\/wp-json\/wp\/v2\/product\/8107\/revisions"}],"predecessor-version":[{"id":8123,"href":"https:\/\/comexbrindes.com.br\/site\/wp-json\/wp\/v2\/product\/8107\/revisions\/8123"}],"wp:featuredmedia":[{"embeddable":true,"href":"https:\/\/comexbrindes.com.br\/site\/wp-json\/wp\/v2\/media\/8109"}],"wp:attachment":[{"href":"https:\/\/comexbrindes.com.br\/site\/wp-json\/wp\/v2\/media?parent=8107"}],"wp:term":[{"taxonomy":"product_cat","embeddable":true,"href":"https:\/\/comexbrindes.com.br\/site\/wp-json\/wp\/v2\/product_cat?post=8107"},{"taxonomy":"product_tag","embeddable":true,"href":"https:\/\/comexbrindes.com.br\/site\/wp-json\/wp\/v2\/product_tag?post=8107"}],"curies":[{"name":"wp","href":"https:\/\/api.w.org\/{rel}","templated":true}]}}