{"id":8105,"date":"2026-01-07T18:25:15","date_gmt":"2026-01-07T18:25:15","guid":{"rendered":"https:\/\/comexbrindes.com.br\/site\/?post_type=product&#038;p=8105"},"modified":"2026-01-07T18:25:56","modified_gmt":"2026-01-07T18:25:56","slug":"porta-relogios-luxo-bx-80870","status":"publish","type":"product","link":"https:\/\/comexbrindes.com.br\/site\/produto\/porta-relogios-luxo-bx-80870\/","title":{"rendered":"PORTA-REL\u00d3GIOS LUXO \u2013 BX.80870"},"content":{"rendered":"<ul>\n<li>Acabamento em couro sint\u00e9tico \u00e0 base de PVC<\/li>\n<li>Possui revestimento interno em veludo de 4 compartimentos fixos com almofadas remov\u00edveis de espuma<\/li>\n<li>Visor transparente em vidro e trava de seguran\u00e7a para o fechamento do estojo<\/li>\n<li>Grava\u00e7\u00e3o laser na plaquinha<\/li>\n<\/ul>\n","protected":false},"excerpt":{"rendered":"<p>Acabamento em couro sint\u00e9tico \u00e0 base de PVC Possui revestimento interno em veludo de 4 compartimentos fixos com almofadas remov\u00edveis de espuma Visor transparente em vidro e trava de seguran\u00e7a para o fechamento do estojo Grava\u00e7\u00e3o laser na plaquinha<\/p>\n","protected":false},"featured_media":8101,"template":"","meta":[],"product_cat":[20],"product_tag":[],"class_list":{"0":"post-8105","1":"product","2":"type-product","3":"status-publish","4":"has-post-thumbnail","6":"product_cat-escritorio","8":"first","9":"instock","10":"shipping-taxable","11":"product-type-simple"},"_links":{"self":[{"href":"https:\/\/comexbrindes.com.br\/site\/wp-json\/wp\/v2\/product\/8105","targetHints":{"allow":["GET"]}}],"collection":[{"href":"https:\/\/comexbrindes.com.br\/site\/wp-json\/wp\/v2\/product"}],"about":[{"href":"https:\/\/comexbrindes.com.br\/site\/wp-json\/wp\/v2\/types\/product"}],"version-history":[{"count":1,"href":"https:\/\/comexbrindes.com.br\/site\/wp-json\/wp\/v2\/product\/8105\/revisions"}],"predecessor-version":[{"id":8106,"href":"https:\/\/comexbrindes.com.br\/site\/wp-json\/wp\/v2\/product\/8105\/revisions\/8106"}],"wp:featuredmedia":[{"embeddable":true,"href":"https:\/\/comexbrindes.com.br\/site\/wp-json\/wp\/v2\/media\/8101"}],"wp:attachment":[{"href":"https:\/\/comexbrindes.com.br\/site\/wp-json\/wp\/v2\/media?parent=8105"}],"wp:term":[{"taxonomy":"product_cat","embeddable":true,"href":"https:\/\/comexbrindes.com.br\/site\/wp-json\/wp\/v2\/product_cat?post=8105"},{"taxonomy":"product_tag","embeddable":true,"href":"https:\/\/comexbrindes.com.br\/site\/wp-json\/wp\/v2\/product_tag?post=8105"}],"curies":[{"name":"wp","href":"https:\/\/api.w.org\/{rel}","templated":true}]}}