{"id":8103,"date":"2026-01-07T18:21:38","date_gmt":"2026-01-07T18:21:38","guid":{"rendered":"https:\/\/comexbrindes.com.br\/site\/?post_type=product&#038;p=8103"},"modified":"2026-01-07T18:21:39","modified_gmt":"2026-01-07T18:21:39","slug":"porta-relogios-luxo-bx-70870","status":"publish","type":"product","link":"https:\/\/comexbrindes.com.br\/site\/produto\/porta-relogios-luxo-bx-70870\/","title":{"rendered":"PORTA-REL\u00d3GIOS LUXO &#8211; BX.70870"},"content":{"rendered":"<ul>\n<li>Acabamento em couro sint\u00e9tico \u00e0 base de PVC<\/li>\n<li>Possui revestimento interno em veludo de 3 compartimentos fixos com almofadas remov\u00edveis de espuma<\/li>\n<li>Visor transparente em vidro e trava de seguran\u00e7a para o fechamento do estojo<\/li>\n<li>Grava\u00e7\u00e3o laser na plaquinha<\/li>\n<\/ul>\n","protected":false},"excerpt":{"rendered":"<p>Acabamento em couro sint\u00e9tico \u00e0 base de PVC Possui revestimento interno em veludo de 3 compartimentos fixos com almofadas remov\u00edveis de espuma Visor transparente em vidro e trava de seguran\u00e7a para o fechamento do estojo Grava\u00e7\u00e3o laser na plaquinha<\/p>\n","protected":false},"featured_media":8100,"template":"","meta":[],"product_cat":[20],"product_tag":[],"class_list":{"0":"post-8103","1":"product","2":"type-product","3":"status-publish","4":"has-post-thumbnail","6":"product_cat-escritorio","8":"first","9":"instock","10":"shipping-taxable","11":"product-type-simple"},"_links":{"self":[{"href":"https:\/\/comexbrindes.com.br\/site\/wp-json\/wp\/v2\/product\/8103","targetHints":{"allow":["GET"]}}],"collection":[{"href":"https:\/\/comexbrindes.com.br\/site\/wp-json\/wp\/v2\/product"}],"about":[{"href":"https:\/\/comexbrindes.com.br\/site\/wp-json\/wp\/v2\/types\/product"}],"version-history":[{"count":1,"href":"https:\/\/comexbrindes.com.br\/site\/wp-json\/wp\/v2\/product\/8103\/revisions"}],"predecessor-version":[{"id":8104,"href":"https:\/\/comexbrindes.com.br\/site\/wp-json\/wp\/v2\/product\/8103\/revisions\/8104"}],"wp:featuredmedia":[{"embeddable":true,"href":"https:\/\/comexbrindes.com.br\/site\/wp-json\/wp\/v2\/media\/8100"}],"wp:attachment":[{"href":"https:\/\/comexbrindes.com.br\/site\/wp-json\/wp\/v2\/media?parent=8103"}],"wp:term":[{"taxonomy":"product_cat","embeddable":true,"href":"https:\/\/comexbrindes.com.br\/site\/wp-json\/wp\/v2\/product_cat?post=8103"},{"taxonomy":"product_tag","embeddable":true,"href":"https:\/\/comexbrindes.com.br\/site\/wp-json\/wp\/v2\/product_tag?post=8103"}],"curies":[{"name":"wp","href":"https:\/\/api.w.org\/{rel}","templated":true}]}}